{"id":6841,"date":"2024-09-19T16:10:27","date_gmt":"2024-09-19T13:10:27","guid":{"rendered":"https:\/\/petityu.com\/sari-dinazor-cocuk-su-gecirmez-tulum-yagmurluk-kapsonlu-22lbtulumsaridino\/"},"modified":"2025-11-02T19:50:32","modified_gmt":"2025-11-02T16:50:32","slug":"sari-dinazor-cocuk-su-gecirmez-tulum-yagmurluk-kapsonlu-22lbtulumsaridino","status":"publish","type":"product","link":"https:\/\/petityu.com\/en\/sari-dinazor-cocuk-su-gecirmez-tulum-yagmurluk-kapsonlu-22lbtulumsaridino\/","title":{"rendered":"Petityu Sar\u0131 Dinazor \u00c7ocuk Su Ge\u00e7irmez Tulum Ya\u011fmurluk Kap\u015fonlu"},"content":{"rendered":"<p><p>Su Ge\u00e7irmez Tulum Ya\u011fmurluk small 2-4 yas medium 100-115 cm 4-6 yas large 6-8 yas<\/p><\/p>","protected":false},"excerpt":{"rendered":"<p>Su Ge\u00e7irmez Tulum Ya\u011fmurluk small 2-4 yas medium 100-115 cm 4-6 yas large 6-8 yas<\/p>","protected":false},"featured_media":6838,"template":"","meta":[],"product_brand":[],"product_cat":[936,15,1000],"product_tag":[],"class_list":{"0":"post-6841","1":"product","2":"type-product","3":"status-publish","4":"has-post-thumbnail","6":"product_cat-erkekcocuk","7":"product_cat-genel","8":"product_cat-yagmurluk-yagmur-pantalonu-tulum","10":"first","11":"outofstock","12":"taxable","13":"shipping-taxable","14":"purchasable","15":"product-type-variable"},"_links":{"self":[{"href":"https:\/\/petityu.com\/en\/wp-json\/wp\/v2\/product\/6841","targetHints":{"allow":["GET"]}}],"collection":[{"href":"https:\/\/petityu.com\/en\/wp-json\/wp\/v2\/product"}],"about":[{"href":"https:\/\/petityu.com\/en\/wp-json\/wp\/v2\/types\/product"}],"wp:featuredmedia":[{"embeddable":true,"href":"https:\/\/petityu.com\/en\/wp-json\/wp\/v2\/media\/6838"}],"wp:attachment":[{"href":"https:\/\/petityu.com\/en\/wp-json\/wp\/v2\/media?parent=6841"}],"wp:term":[{"taxonomy":"product_brand","embeddable":true,"href":"https:\/\/petityu.com\/en\/wp-json\/wp\/v2\/product_brand?post=6841"},{"taxonomy":"product_cat","embeddable":true,"href":"https:\/\/petityu.com\/en\/wp-json\/wp\/v2\/product_cat?post=6841"},{"taxonomy":"product_tag","embeddable":true,"href":"https:\/\/petityu.com\/en\/wp-json\/wp\/v2\/product_tag?post=6841"}],"curies":[{"name":"wp","href":"https:\/\/api.w.org\/{rel}","templated":true}]}}