{"id":6845,"date":"2024-09-19T16:10:46","date_gmt":"2024-09-19T13:10:46","guid":{"rendered":"https:\/\/petityu.com\/dotty-pembe-ustu-renkli-su-gecirmez-mama-onlugu-sirin-puantiyeli-mama-onlugu\/"},"modified":"2026-03-31T17:39:49","modified_gmt":"2026-03-31T14:39:49","slug":"dotty-pembe-ustu-renkli-su-gecirmez-mama-onlugu-sirin-puantiyeli-mama-onlugu","status":"publish","type":"product","link":"https:\/\/petityu.com\/en\/dotty-pembe-ustu-renkli-su-gecirmez-mama-onlugu-sirin-puantiyeli-mama-onlugu\/","title":{"rendered":"Dotty Pembe \u00dcst\u00fc Renkli Su Ge\u00e7irmez Mama \u00d6nl\u00fc\u011f\u00fc &#8211; \u015eirin Puantiyeli Mama \u00d6nl\u00fc\u011f\u00fc"},"content":{"rendered":"<p><p>Bebekler i\u00e7in \u00f6zel olarak tasarlanm\u0131\u015f, su ge\u00e7irmez \u00f6zelli\u011fi sayesinde yemek s\u0131ras\u0131nda olas\u0131 d\u00f6k\u00fclme veya lekelenmelere kar\u015f\u0131 koruma sa\u011flar.; Pembe \u00fcst\u00fc renkli ve sevimli puantiyelerle s\u00fcslenmi\u015f tasar\u0131m\u0131yla bebe\u011finizin k\u0131yafetlerine \u015f\u0131k bir dokunu\u015f eklerken ayn\u0131 zamanda pratik kullan\u0131m sunar.; Bebe\u011finizin rahat hareket etmesini sa\u011flayan esnek yap\u0131s\u0131 ile hem anneler hem de bebekler i\u00e7in idealdir.; Kolay temizlenebilir kuma\u015f\u0131 sayesinde, beslenme sonras\u0131nda h\u0131zl\u0131ca temizlenerek hijyenik kalmas\u0131n\u0131 sa\u011flar.;<\/p><\/p>","protected":false},"excerpt":{"rendered":"<p>Bebekler i\u00e7in \u00f6zel olarak tasarlanm\u0131\u015f, su ge\u00e7irmez \u00f6zelli\u011fi sayesinde yemek s\u0131ras\u0131nda olas\u0131 d\u00f6k\u00fclme veya lekelenmelere kar\u015f\u0131 koruma sa\u011flar.; Pembe \u00fcst\u00fc renkli ve sevimli puantiyelerle s\u00fcslenmi\u015f&hellip;<\/p>","protected":false},"featured_media":6844,"template":"","meta":[],"product_brand":[],"product_cat":[15,935,986],"product_tag":[],"class_list":{"0":"post-6845","1":"product","2":"type-product","3":"status-publish","4":"has-post-thumbnail","6":"product_cat-genel","7":"product_cat-kizcocuk","8":"product_cat-mama-onlugu-kizcocuk","10":"first","11":"instock","12":"taxable","13":"shipping-taxable","14":"purchasable","15":"product-type-simple"},"_links":{"self":[{"href":"https:\/\/petityu.com\/en\/wp-json\/wp\/v2\/product\/6845","targetHints":{"allow":["GET"]}}],"collection":[{"href":"https:\/\/petityu.com\/en\/wp-json\/wp\/v2\/product"}],"about":[{"href":"https:\/\/petityu.com\/en\/wp-json\/wp\/v2\/types\/product"}],"wp:featuredmedia":[{"embeddable":true,"href":"https:\/\/petityu.com\/en\/wp-json\/wp\/v2\/media\/6844"}],"wp:attachment":[{"href":"https:\/\/petityu.com\/en\/wp-json\/wp\/v2\/media?parent=6845"}],"wp:term":[{"taxonomy":"product_brand","embeddable":true,"href":"https:\/\/petityu.com\/en\/wp-json\/wp\/v2\/product_brand?post=6845"},{"taxonomy":"product_cat","embeddable":true,"href":"https:\/\/petityu.com\/en\/wp-json\/wp\/v2\/product_cat?post=6845"},{"taxonomy":"product_tag","embeddable":true,"href":"https:\/\/petityu.com\/en\/wp-json\/wp\/v2\/product_tag?post=6845"}],"curies":[{"name":"wp","href":"https:\/\/api.w.org\/{rel}","templated":true}]}}