{"id":6847,"date":"2024-09-19T16:10:55","date_gmt":"2024-09-19T13:10:55","guid":{"rendered":"https:\/\/petityu.com\/gokkusagi-camgobegi-cocuk-yagmurluk-ruzgar-su-gecirmez-fermuarli-kapisonlu-incecik-mont-ceket\/"},"modified":"2026-04-14T16:12:25","modified_gmt":"2026-04-14T13:12:25","slug":"gokkusagi-camgobegi-cocuk-yagmurluk-ruzgar-su-gecirmez-fermuarli-kapisonlu-incecik-mont-ceket","status":"publish","type":"product","link":"https:\/\/petityu.com\/en\/gokkusagi-camgobegi-cocuk-yagmurluk-ruzgar-su-gecirmez-fermuarli-kapisonlu-incecik-mont-ceket\/","title":{"rendered":"Petityu G\u00f6kku\u015fa\u011f\u0131 Camg\u00f6be\u011fi \u00c7ocuk Ya\u011fmurluk R\u00fczgar Su Ge\u00e7irmez Fermuarl\u0131 Kap\u00fc\u015fonlu \u0130ncecik Mont Ceket 2-3 Ya\u015f"},"content":{"rendered":"<p><p>Su ge\u00e7irmez ya\u011fmurluk r\u00fczgarl\u0131k ya\u011fmur pantalonu ayr\u0131 sat\u0131lmaktad\u0131r<\/p><\/p>","protected":false},"excerpt":{"rendered":"<p>Su ge\u00e7irmez ya\u011fmurluk r\u00fczgarl\u0131k ya\u011fmur pantalonu ayr\u0131 sat\u0131lmaktad\u0131r<\/p>","protected":false},"featured_media":6846,"template":"","meta":[],"product_brand":[],"product_cat":[15,936,935,973,1000],"product_tag":[],"class_list":{"0":"post-6847","1":"product","2":"type-product","3":"status-publish","4":"has-post-thumbnail","6":"product_cat-genel","7":"product_cat-erkekcocuk","8":"product_cat-kizcocuk","9":"product_cat-yagmurluk-tulum-yagmur-pantalonu","10":"product_cat-yagmurluk-yagmur-pantalonu-tulum","12":"first","13":"instock","14":"taxable","15":"shipping-taxable","16":"purchasable","17":"product-type-simple"},"_links":{"self":[{"href":"https:\/\/petityu.com\/en\/wp-json\/wp\/v2\/product\/6847","targetHints":{"allow":["GET"]}}],"collection":[{"href":"https:\/\/petityu.com\/en\/wp-json\/wp\/v2\/product"}],"about":[{"href":"https:\/\/petityu.com\/en\/wp-json\/wp\/v2\/types\/product"}],"wp:featuredmedia":[{"embeddable":true,"href":"https:\/\/petityu.com\/en\/wp-json\/wp\/v2\/media\/6846"}],"wp:attachment":[{"href":"https:\/\/petityu.com\/en\/wp-json\/wp\/v2\/media?parent=6847"}],"wp:term":[{"taxonomy":"product_brand","embeddable":true,"href":"https:\/\/petityu.com\/en\/wp-json\/wp\/v2\/product_brand?post=6847"},{"taxonomy":"product_cat","embeddable":true,"href":"https:\/\/petityu.com\/en\/wp-json\/wp\/v2\/product_cat?post=6847"},{"taxonomy":"product_tag","embeddable":true,"href":"https:\/\/petityu.com\/en\/wp-json\/wp\/v2\/product_tag?post=6847"}],"curies":[{"name":"wp","href":"https:\/\/api.w.org\/{rel}","templated":true}]}}