{"id":6857,"date":"2024-09-19T16:11:48","date_gmt":"2024-09-19T13:11:48","guid":{"rendered":"https:\/\/petityu.com\/unicorn-ilkokul-ortaokul-sirt-cantasi-buyuk-boy-sirt-cantasi-su-gecirmez-ve-hafif\/"},"modified":"2026-03-21T22:46:05","modified_gmt":"2026-03-21T19:46:05","slug":"unicorn-ilkokul-ortaokul-sirt-cantasi-buyuk-boy-sirt-cantasi-su-gecirmez-ve-hafif","status":"publish","type":"product","link":"https:\/\/petityu.com\/en\/unicorn-ilkokul-ortaokul-sirt-cantasi-buyuk-boy-sirt-cantasi-su-gecirmez-ve-hafif\/","title":{"rendered":"Petityu Unicorn \u0130lkokul Ortaokul S\u0131rt \u00c7antas\u0131 B\u00fcy\u00fck Boy S\u0131rt \u00c7antas\u0131 Su Ge\u00e7irmez Ve Hafif"},"content":{"rendered":"<p><p>37cm-26 cm &#8211; 13,5 cm su gecirmez unicorn anahtarlikli bol cepli yumusak dayanikli kumas hafif 4 mini ayakli<\/p><\/p>","protected":false},"excerpt":{"rendered":"<p>37cm-26 cm &#8211; 13,5 cm su gecirmez unicorn anahtarlikli bol cepli yumusak dayanikli kumas hafif 4 mini ayakli<\/p>","protected":false},"featured_media":6854,"template":"","meta":[],"product_brand":[],"product_cat":[15,909,935],"product_tag":[],"class_list":{"0":"post-6857","1":"product","2":"type-product","3":"status-publish","4":"has-post-thumbnail","6":"product_cat-genel","7":"product_cat-cantaa","8":"product_cat-kizcocuk","10":"first","11":"instock","12":"taxable","13":"shipping-taxable","14":"purchasable","15":"product-type-simple"},"_links":{"self":[{"href":"https:\/\/petityu.com\/en\/wp-json\/wp\/v2\/product\/6857","targetHints":{"allow":["GET"]}}],"collection":[{"href":"https:\/\/petityu.com\/en\/wp-json\/wp\/v2\/product"}],"about":[{"href":"https:\/\/petityu.com\/en\/wp-json\/wp\/v2\/types\/product"}],"wp:featuredmedia":[{"embeddable":true,"href":"https:\/\/petityu.com\/en\/wp-json\/wp\/v2\/media\/6854"}],"wp:attachment":[{"href":"https:\/\/petityu.com\/en\/wp-json\/wp\/v2\/media?parent=6857"}],"wp:term":[{"taxonomy":"product_brand","embeddable":true,"href":"https:\/\/petityu.com\/en\/wp-json\/wp\/v2\/product_brand?post=6857"},{"taxonomy":"product_cat","embeddable":true,"href":"https:\/\/petityu.com\/en\/wp-json\/wp\/v2\/product_cat?post=6857"},{"taxonomy":"product_tag","embeddable":true,"href":"https:\/\/petityu.com\/en\/wp-json\/wp\/v2\/product_tag?post=6857"}],"curies":[{"name":"wp","href":"https:\/\/api.w.org\/{rel}","templated":true}]}}