{"id":6865,"date":"2024-09-19T16:12:33","date_gmt":"2024-09-19T13:12:33","guid":{"rendered":"https:\/\/petityu.com\/iron-man-iron-man-ilkokul-sirt-cantasi\/"},"modified":"2026-04-14T16:17:03","modified_gmt":"2026-04-14T13:17:03","slug":"iron-man-iron-man-ilkokul-sirt-cantasi","status":"publish","type":"product","link":"https:\/\/petityu.com\/en\/iron-man-iron-man-ilkokul-sirt-cantasi\/","title":{"rendered":"Iron Man \u0130lkokul S\u0131rt \u00c7antas\u0131"},"content":{"rendered":"<p><p>anaokulu ve ilkokul canta<\/p><\/p>","protected":false},"excerpt":{"rendered":"<p>anaokulu ve ilkokul canta<\/p>","protected":false},"featured_media":6858,"template":"","meta":[],"product_brand":[],"product_cat":[998,936,15],"product_tag":[],"class_list":{"0":"post-6865","1":"product","2":"type-product","3":"status-publish","4":"has-post-thumbnail","6":"product_cat-canta","7":"product_cat-erkekcocuk","8":"product_cat-genel","10":"first","11":"instock","12":"taxable","13":"shipping-taxable","14":"purchasable","15":"product-type-simple"},"_links":{"self":[{"href":"https:\/\/petityu.com\/en\/wp-json\/wp\/v2\/product\/6865","targetHints":{"allow":["GET"]}}],"collection":[{"href":"https:\/\/petityu.com\/en\/wp-json\/wp\/v2\/product"}],"about":[{"href":"https:\/\/petityu.com\/en\/wp-json\/wp\/v2\/types\/product"}],"wp:featuredmedia":[{"embeddable":true,"href":"https:\/\/petityu.com\/en\/wp-json\/wp\/v2\/media\/6858"}],"wp:attachment":[{"href":"https:\/\/petityu.com\/en\/wp-json\/wp\/v2\/media?parent=6865"}],"wp:term":[{"taxonomy":"product_brand","embeddable":true,"href":"https:\/\/petityu.com\/en\/wp-json\/wp\/v2\/product_brand?post=6865"},{"taxonomy":"product_cat","embeddable":true,"href":"https:\/\/petityu.com\/en\/wp-json\/wp\/v2\/product_cat?post=6865"},{"taxonomy":"product_tag","embeddable":true,"href":"https:\/\/petityu.com\/en\/wp-json\/wp\/v2\/product_tag?post=6865"}],"curies":[{"name":"wp","href":"https:\/\/api.w.org\/{rel}","templated":true}]}}