{"id":6871,"date":"2024-09-19T16:13:02","date_gmt":"2024-09-19T13:13:02","guid":{"rendered":"https:\/\/petityu.com\/3d-astranot-baskili-kalem-kutusu-buyuk-boy-kalin-fermuarli\/"},"modified":"2026-03-31T18:09:45","modified_gmt":"2026-03-31T15:09:45","slug":"3d-astranot-baskili-kalem-kutusu-buyuk-boy-kalin-fermuarli","status":"publish","type":"product","link":"https:\/\/petityu.com\/en\/3d-astranot-baskili-kalem-kutusu-buyuk-boy-kalin-fermuarli\/","title":{"rendered":"3D Astranot Bask\u0131l\u0131 Kalem Kutusu B\u00fcy\u00fck Boy &#8211; Kal\u0131n Fermuarl\u0131"},"content":{"rendered":"<p><p>3d astranot universe baskili kalin fermuarli buyuk boy kalem kutusu<\/p><\/p>","protected":false},"excerpt":{"rendered":"<p>3d astranot universe baskili kalin fermuarli buyuk boy kalem kutusu<\/p>","protected":false},"featured_media":6870,"template":"","meta":[],"product_brand":[],"product_cat":[15,936,999],"product_tag":[],"class_list":{"0":"post-6871","1":"product","2":"type-product","3":"status-publish","4":"has-post-thumbnail","6":"product_cat-genel","7":"product_cat-erkekcocuk","8":"product_cat-kalem-kutusu-erkekcocuk","10":"first","11":"outofstock","12":"taxable","13":"shipping-taxable","14":"purchasable","15":"product-type-simple"},"_links":{"self":[{"href":"https:\/\/petityu.com\/en\/wp-json\/wp\/v2\/product\/6871","targetHints":{"allow":["GET"]}}],"collection":[{"href":"https:\/\/petityu.com\/en\/wp-json\/wp\/v2\/product"}],"about":[{"href":"https:\/\/petityu.com\/en\/wp-json\/wp\/v2\/types\/product"}],"wp:featuredmedia":[{"embeddable":true,"href":"https:\/\/petityu.com\/en\/wp-json\/wp\/v2\/media\/6870"}],"wp:attachment":[{"href":"https:\/\/petityu.com\/en\/wp-json\/wp\/v2\/media?parent=6871"}],"wp:term":[{"taxonomy":"product_brand","embeddable":true,"href":"https:\/\/petityu.com\/en\/wp-json\/wp\/v2\/product_brand?post=6871"},{"taxonomy":"product_cat","embeddable":true,"href":"https:\/\/petityu.com\/en\/wp-json\/wp\/v2\/product_cat?post=6871"},{"taxonomy":"product_tag","embeddable":true,"href":"https:\/\/petityu.com\/en\/wp-json\/wp\/v2\/product_tag?post=6871"}],"curies":[{"name":"wp","href":"https:\/\/api.w.org\/{rel}","templated":true}]}}