{"id":6873,"date":"2024-09-19T16:13:11","date_gmt":"2024-09-19T13:13:11","guid":{"rendered":"https:\/\/petityu.com\/unicorn-canta-ilkokul-cocuk\/"},"modified":"2026-02-26T16:42:12","modified_gmt":"2026-02-26T13:42:12","slug":"unicorn-canta-ilkokul-cocuk","status":"publish","type":"product","link":"https:\/\/petityu.com\/en\/unicorn-canta-ilkokul-cocuk\/","title":{"rendered":"Un\u0131corn \u00c7anta Ilkokul \u00c7ocuk"},"content":{"rendered":"<p>unicorn 3d boynuzlu unicorn anahtarlikli bol cepli yumusak askili<\/p>","protected":false},"excerpt":{"rendered":"<p>unicorn 3d boynuzlu unicorn anahtarlikli bol cepli yumusak askili<\/p>","protected":false},"featured_media":6872,"template":"","meta":[],"product_brand":[],"product_cat":[15,909,935],"product_tag":[],"class_list":{"0":"post-6873","1":"product","2":"type-product","3":"status-publish","4":"has-post-thumbnail","6":"product_cat-genel","7":"product_cat-cantaa","8":"product_cat-kizcocuk","10":"first","11":"outofstock","12":"taxable","13":"shipping-taxable","14":"purchasable","15":"product-type-simple"},"_links":{"self":[{"href":"https:\/\/petityu.com\/en\/wp-json\/wp\/v2\/product\/6873","targetHints":{"allow":["GET"]}}],"collection":[{"href":"https:\/\/petityu.com\/en\/wp-json\/wp\/v2\/product"}],"about":[{"href":"https:\/\/petityu.com\/en\/wp-json\/wp\/v2\/types\/product"}],"wp:featuredmedia":[{"embeddable":true,"href":"https:\/\/petityu.com\/en\/wp-json\/wp\/v2\/media\/6872"}],"wp:attachment":[{"href":"https:\/\/petityu.com\/en\/wp-json\/wp\/v2\/media?parent=6873"}],"wp:term":[{"taxonomy":"product_brand","embeddable":true,"href":"https:\/\/petityu.com\/en\/wp-json\/wp\/v2\/product_brand?post=6873"},{"taxonomy":"product_cat","embeddable":true,"href":"https:\/\/petityu.com\/en\/wp-json\/wp\/v2\/product_cat?post=6873"},{"taxonomy":"product_tag","embeddable":true,"href":"https:\/\/petityu.com\/en\/wp-json\/wp\/v2\/product_tag?post=6873"}],"curies":[{"name":"wp","href":"https:\/\/api.w.org\/{rel}","templated":true}]}}