{"id":6876,"date":"2024-09-19T16:13:26","date_gmt":"2024-09-19T13:13:26","guid":{"rendered":"https:\/\/petityu.com\/unicorn-suluk-su-matarasi-genis-pipetli-suluk-kirik-cam-gorunumlu\/"},"modified":"2025-08-21T14:22:00","modified_gmt":"2025-08-21T11:22:00","slug":"unicorn-suluk-su-matarasi-genis-pipetli-suluk-kirik-cam-gorunumlu","status":"publish","type":"product","link":"https:\/\/petityu.com\/en\/unicorn-suluk-su-matarasi-genis-pipetli-suluk-kirik-cam-gorunumlu\/","title":{"rendered":"Unicorn Suluk Su Mataras\u0131 Geni\u015f Pipetli Suluk Kir\u0131k Cam G\u00f6r\u00fcn\u00fcml\u00fc"},"content":{"rendered":"<p><p>\u015eirin unicorn suluk bPA free<\/p><\/p>","protected":false},"excerpt":{"rendered":"<p>\u015eirin unicorn suluk bPA free<\/p>","protected":false},"featured_media":6874,"template":"","meta":[],"product_brand":[],"product_cat":[15,935,982],"product_tag":[],"class_list":{"0":"post-6876","1":"product","2":"type-product","3":"status-publish","4":"has-post-thumbnail","6":"product_cat-genel","7":"product_cat-kizcocuk","8":"product_cat-matara-termos-suluk","10":"first","11":"outofstock","12":"taxable","13":"shipping-taxable","14":"purchasable","15":"product-type-simple"},"_links":{"self":[{"href":"https:\/\/petityu.com\/en\/wp-json\/wp\/v2\/product\/6876","targetHints":{"allow":["GET"]}}],"collection":[{"href":"https:\/\/petityu.com\/en\/wp-json\/wp\/v2\/product"}],"about":[{"href":"https:\/\/petityu.com\/en\/wp-json\/wp\/v2\/types\/product"}],"wp:featuredmedia":[{"embeddable":true,"href":"https:\/\/petityu.com\/en\/wp-json\/wp\/v2\/media\/6874"}],"wp:attachment":[{"href":"https:\/\/petityu.com\/en\/wp-json\/wp\/v2\/media?parent=6876"}],"wp:term":[{"taxonomy":"product_brand","embeddable":true,"href":"https:\/\/petityu.com\/en\/wp-json\/wp\/v2\/product_brand?post=6876"},{"taxonomy":"product_cat","embeddable":true,"href":"https:\/\/petityu.com\/en\/wp-json\/wp\/v2\/product_cat?post=6876"},{"taxonomy":"product_tag","embeddable":true,"href":"https:\/\/petityu.com\/en\/wp-json\/wp\/v2\/product_tag?post=6876"}],"curies":[{"name":"wp","href":"https:\/\/api.w.org\/{rel}","templated":true}]}}