{"id":6883,"date":"2024-09-19T16:13:59","date_gmt":"2024-09-19T13:13:59","guid":{"rendered":"https:\/\/petityu.com\/gunes-korumali-sapka-beyaz-safari-hayvanlari-aslan-fil-zurafa-52-cm-2-5-yas\/"},"modified":"2026-03-26T15:44:34","modified_gmt":"2026-03-26T12:44:34","slug":"gunes-korumali-sapka-beyaz-safari-hayvanlari-aslan-fil-zurafa-52-cm-2-5-yas","status":"publish","type":"product","link":"https:\/\/petityu.com\/en\/gunes-korumali-sapka-beyaz-safari-hayvanlari-aslan-fil-zurafa-52-cm-2-5-yas\/","title":{"rendered":"G\u00fcne\u015f Korumal\u0131 \u015eapka \u2013 Beyaz Safari Hayvanlar\u0131 Aslan Fil Z\u00fcrafa 52 Cm 2-5 Ya\u015f"},"content":{"rendered":"<p><p>T\u00fcm ya\u015f gruplar\u0131na uygun olarak tasarlanm\u0131\u015f, beyaz safari hayvanlar\u0131 temal\u0131 \u00e7ocuk \u015fapkas\u0131, \u00e7ocuklar\u0131n e\u011flenceli ve renkli bir stil olu\u015fturmas\u0131na olanak tan\u0131r.; 52 cm boyutunda olan bu \u015fapka, 2 ila 5 ya\u015f aras\u0131 \u00e7ocuklar\u0131n rahat\u00e7a kullanabilece\u011fi ideal boyutta tasarlanm\u0131\u015ft\u0131r.; Safari hayvanlar\u0131 temal\u0131 tasar\u0131m\u0131 ile \u00e7ocuklar\u0131n hayal d\u00fcnyas\u0131na hitap ederken ayn\u0131 zamanda e\u011flenceli bir g\u00f6r\u00fcn\u00fcm sunar.;<\/p><\/p>","protected":false},"excerpt":{"rendered":"<p>T\u00fcm ya\u015f gruplar\u0131na uygun olarak tasarlanm\u0131\u015f, beyaz safari hayvanlar\u0131 temal\u0131 \u00e7ocuk \u015fapkas\u0131, \u00e7ocuklar\u0131n e\u011flenceli ve renkli bir stil olu\u015fturmas\u0131na olanak tan\u0131r.; 52 cm boyutunda olan&hellip;<\/p>","protected":false},"featured_media":6882,"template":"","meta":[],"product_brand":[],"product_cat":[15,936,935,975,996],"product_tag":[],"class_list":{"0":"post-6883","1":"product","2":"type-product","3":"status-publish","4":"has-post-thumbnail","6":"product_cat-genel","7":"product_cat-erkekcocuk","8":"product_cat-kizcocuk","9":"product_cat-sapka","10":"product_cat-sapka-erkekcocuk","12":"first","13":"instock","14":"taxable","15":"shipping-taxable","16":"purchasable","17":"product-type-simple"},"_links":{"self":[{"href":"https:\/\/petityu.com\/en\/wp-json\/wp\/v2\/product\/6883","targetHints":{"allow":["GET"]}}],"collection":[{"href":"https:\/\/petityu.com\/en\/wp-json\/wp\/v2\/product"}],"about":[{"href":"https:\/\/petityu.com\/en\/wp-json\/wp\/v2\/types\/product"}],"wp:featuredmedia":[{"embeddable":true,"href":"https:\/\/petityu.com\/en\/wp-json\/wp\/v2\/media\/6882"}],"wp:attachment":[{"href":"https:\/\/petityu.com\/en\/wp-json\/wp\/v2\/media?parent=6883"}],"wp:term":[{"taxonomy":"product_brand","embeddable":true,"href":"https:\/\/petityu.com\/en\/wp-json\/wp\/v2\/product_brand?post=6883"},{"taxonomy":"product_cat","embeddable":true,"href":"https:\/\/petityu.com\/en\/wp-json\/wp\/v2\/product_cat?post=6883"},{"taxonomy":"product_tag","embeddable":true,"href":"https:\/\/petityu.com\/en\/wp-json\/wp\/v2\/product_tag?post=6883"}],"curies":[{"name":"wp","href":"https:\/\/api.w.org\/{rel}","templated":true}]}}