{"id":6886,"date":"2024-09-19T16:14:14","date_gmt":"2024-09-19T13:14:14","guid":{"rendered":"https:\/\/petityu.com\/upf50-uv-koruma-cabuk-kuruyan-ayarlanabilir-ince-kumas-bebek-kova-sapka-0-18-ay-boyunlu\/"},"modified":"2026-03-26T15:45:07","modified_gmt":"2026-03-26T12:45:07","slug":"upf50-uv-koruma-cabuk-kuruyan-ayarlanabilir-ince-kumas-bebek-kova-sapka-0-18-ay-boyunlu","status":"publish","type":"product","link":"https:\/\/petityu.com\/en\/upf50-uv-koruma-cabuk-kuruyan-ayarlanabilir-ince-kumas-bebek-kova-sapka-0-18-ay-boyunlu\/","title":{"rendered":"Upf50 + Uv Koruma \u00c7abuk Kuruyan Ayarlanabilir \u0130nce Kuma\u015f Bebek Kova \u015eapka 0-18 Ay Boyunlu"},"content":{"rendered":"<p><p>hizli kuruyan upf50+ boynu da gunesin zararli isinlarindan koruyan ayarlanabilir sapka<\/p><\/p>","protected":false},"excerpt":{"rendered":"<p>hizli kuruyan upf50+ boynu da gunesin zararli isinlarindan koruyan ayarlanabilir sapka<\/p>","protected":false},"featured_media":6884,"template":"","meta":[],"product_brand":[],"product_cat":[15,936,996],"product_tag":[],"class_list":{"0":"post-6886","1":"product","2":"type-product","3":"status-publish","4":"has-post-thumbnail","6":"product_cat-genel","7":"product_cat-erkekcocuk","8":"product_cat-sapka-erkekcocuk","10":"first","11":"instock","12":"taxable","13":"shipping-taxable","14":"purchasable","15":"product-type-simple"},"_links":{"self":[{"href":"https:\/\/petityu.com\/en\/wp-json\/wp\/v2\/product\/6886","targetHints":{"allow":["GET"]}}],"collection":[{"href":"https:\/\/petityu.com\/en\/wp-json\/wp\/v2\/product"}],"about":[{"href":"https:\/\/petityu.com\/en\/wp-json\/wp\/v2\/types\/product"}],"wp:featuredmedia":[{"embeddable":true,"href":"https:\/\/petityu.com\/en\/wp-json\/wp\/v2\/media\/6884"}],"wp:attachment":[{"href":"https:\/\/petityu.com\/en\/wp-json\/wp\/v2\/media?parent=6886"}],"wp:term":[{"taxonomy":"product_brand","embeddable":true,"href":"https:\/\/petityu.com\/en\/wp-json\/wp\/v2\/product_brand?post=6886"},{"taxonomy":"product_cat","embeddable":true,"href":"https:\/\/petityu.com\/en\/wp-json\/wp\/v2\/product_cat?post=6886"},{"taxonomy":"product_tag","embeddable":true,"href":"https:\/\/petityu.com\/en\/wp-json\/wp\/v2\/product_tag?post=6886"}],"curies":[{"name":"wp","href":"https:\/\/api.w.org\/{rel}","templated":true}]}}