{"id":6893,"date":"2024-09-19T16:14:49","date_gmt":"2024-09-19T13:14:49","guid":{"rendered":"https:\/\/petityu.com\/erkek-bebek-3lu-set-upf-50-gunes-korumali-sort-mayo-tshirt-u-sapka-seti-cute-dino-2\/"},"modified":"2026-04-14T16:39:38","modified_gmt":"2026-04-14T13:39:38","slug":"erkek-bebek-3lu-set-upf-50-gunes-korumali-sort-mayo-tshirt-u-sapka-seti-cute-dino-2","status":"publish","type":"product","link":"https:\/\/petityu.com\/en\/erkek-bebek-3lu-set-upf-50-gunes-korumali-sort-mayo-tshirt-u-sapka-seti-cute-dino-2\/","title":{"rendered":"Erkek Bebek 3&#8217;lu Set- Upf 50 + G\u00fcne\u015f Korumali Sort Mayo + Tshirt &#8216;u + Sapka Seti Cute D\u0131no"},"content":{"rendered":"<p><p>Sort tshirt ve sapkdan olusan asiri seker upf50+ mayo seti<\/p><\/p>","protected":false},"excerpt":{"rendered":"<p>Sort tshirt ve sapkdan olusan asiri seker upf50+ mayo seti<\/p>","protected":false},"featured_media":6892,"template":"","meta":[],"product_brand":[],"product_cat":[15,936,987],"product_tag":[],"class_list":{"0":"post-6893","1":"product","2":"type-product","3":"status-publish","4":"has-post-thumbnail","6":"product_cat-genel","7":"product_cat-erkekcocuk","8":"product_cat-mayo-erkekcocuk","10":"first","11":"instock","12":"taxable","13":"shipping-taxable","14":"purchasable","15":"product-type-variable"},"_links":{"self":[{"href":"https:\/\/petityu.com\/en\/wp-json\/wp\/v2\/product\/6893","targetHints":{"allow":["GET"]}}],"collection":[{"href":"https:\/\/petityu.com\/en\/wp-json\/wp\/v2\/product"}],"about":[{"href":"https:\/\/petityu.com\/en\/wp-json\/wp\/v2\/types\/product"}],"wp:featuredmedia":[{"embeddable":true,"href":"https:\/\/petityu.com\/en\/wp-json\/wp\/v2\/media\/6892"}],"wp:attachment":[{"href":"https:\/\/petityu.com\/en\/wp-json\/wp\/v2\/media?parent=6893"}],"wp:term":[{"taxonomy":"product_brand","embeddable":true,"href":"https:\/\/petityu.com\/en\/wp-json\/wp\/v2\/product_brand?post=6893"},{"taxonomy":"product_cat","embeddable":true,"href":"https:\/\/petityu.com\/en\/wp-json\/wp\/v2\/product_cat?post=6893"},{"taxonomy":"product_tag","embeddable":true,"href":"https:\/\/petityu.com\/en\/wp-json\/wp\/v2\/product_tag?post=6893"}],"curies":[{"name":"wp","href":"https:\/\/api.w.org\/{rel}","templated":true}]}}