{"id":6896,"date":"2024-09-19T16:15:07","date_gmt":"2024-09-19T13:15:07","guid":{"rendered":"https:\/\/petityu.com\/sugecirmez-cicek-desenli-ayarlanabilir-firfirli-mama-onlugu-onluk\/"},"modified":"2026-03-31T18:09:48","modified_gmt":"2026-03-31T15:09:48","slug":"sugecirmez-cicek-desenli-ayarlanabilir-firfirli-mama-onlugu-onluk","status":"publish","type":"product","link":"https:\/\/petityu.com\/en\/sugecirmez-cicek-desenli-ayarlanabilir-firfirli-mama-onlugu-onluk\/","title":{"rendered":"Su Ge\u00e7irmez \u00c7i\u00e7ek Desenli Ayarlanabilir F\u0131rf\u0131rl\u0131 Mama \u00d6nl\u00fc\u011f\u00fc"},"content":{"rendered":"<p><p>\u00c7i\u00e7ek desenli ayarlanabilir f\u0131rf\u0131rl\u0131 mama \u00f6nl\u00fc\u011f\u00fc<\/p><br \/>\n<p>Su ge\u00e7irmez<\/p><\/p>","protected":false},"excerpt":{"rendered":"<p>\u00c7i\u00e7ek desenli ayarlanabilir f\u0131rf\u0131rl\u0131 mama \u00f6nl\u00fc\u011f\u00fc Su ge\u00e7irmez<\/p>","protected":false},"featured_media":6894,"template":"","meta":[],"product_brand":[],"product_cat":[15,935,986],"product_tag":[],"class_list":{"0":"post-6896","1":"product","2":"type-product","3":"status-publish","4":"has-post-thumbnail","6":"product_cat-genel","7":"product_cat-kizcocuk","8":"product_cat-mama-onlugu-kizcocuk","10":"first","11":"instock","12":"taxable","13":"shipping-taxable","14":"purchasable","15":"product-type-simple"},"_links":{"self":[{"href":"https:\/\/petityu.com\/en\/wp-json\/wp\/v2\/product\/6896","targetHints":{"allow":["GET"]}}],"collection":[{"href":"https:\/\/petityu.com\/en\/wp-json\/wp\/v2\/product"}],"about":[{"href":"https:\/\/petityu.com\/en\/wp-json\/wp\/v2\/types\/product"}],"wp:featuredmedia":[{"embeddable":true,"href":"https:\/\/petityu.com\/en\/wp-json\/wp\/v2\/media\/6894"}],"wp:attachment":[{"href":"https:\/\/petityu.com\/en\/wp-json\/wp\/v2\/media?parent=6896"}],"wp:term":[{"taxonomy":"product_brand","embeddable":true,"href":"https:\/\/petityu.com\/en\/wp-json\/wp\/v2\/product_brand?post=6896"},{"taxonomy":"product_cat","embeddable":true,"href":"https:\/\/petityu.com\/en\/wp-json\/wp\/v2\/product_cat?post=6896"},{"taxonomy":"product_tag","embeddable":true,"href":"https:\/\/petityu.com\/en\/wp-json\/wp\/v2\/product_tag?post=6896"}],"curies":[{"name":"wp","href":"https:\/\/api.w.org\/{rel}","templated":true}]}}