{"id":6898,"date":"2024-09-19T16:15:17","date_gmt":"2024-09-19T13:15:17","guid":{"rendered":"https:\/\/petityu.com\/leopar-desenli-su-gecirmez-mama-onlugu\/"},"modified":"2025-11-19T15:58:25","modified_gmt":"2025-11-19T12:58:25","slug":"leopar-desenli-su-gecirmez-mama-onlugu","status":"publish","type":"product","link":"https:\/\/petityu.com\/en\/leopar-desenli-su-gecirmez-mama-onlugu\/","title":{"rendered":"Petityu Leopar Desenli Su Ge\u00e7irmez Mama \u00d6nl\u00fc\u011f\u00fc"},"content":{"rendered":"<p><p>Leopar desenli mama \u00f6nl\u00fc\u011f\u00fc<\/p><br \/>\n<p>Su ge\u00e7irmez<\/p><\/p>","protected":false},"excerpt":{"rendered":"<p>Leopar desenli mama \u00f6nl\u00fc\u011f\u00fc Su ge\u00e7irmez<\/p>","protected":false},"featured_media":6897,"template":"","meta":[],"product_brand":[],"product_cat":[15,935,986],"product_tag":[],"class_list":{"0":"post-6898","1":"product","2":"type-product","3":"status-publish","4":"has-post-thumbnail","6":"product_cat-genel","7":"product_cat-kizcocuk","8":"product_cat-mama-onlugu-kizcocuk","10":"first","11":"instock","12":"taxable","13":"shipping-taxable","14":"purchasable","15":"product-type-simple"},"_links":{"self":[{"href":"https:\/\/petityu.com\/en\/wp-json\/wp\/v2\/product\/6898","targetHints":{"allow":["GET"]}}],"collection":[{"href":"https:\/\/petityu.com\/en\/wp-json\/wp\/v2\/product"}],"about":[{"href":"https:\/\/petityu.com\/en\/wp-json\/wp\/v2\/types\/product"}],"wp:featuredmedia":[{"embeddable":true,"href":"https:\/\/petityu.com\/en\/wp-json\/wp\/v2\/media\/6897"}],"wp:attachment":[{"href":"https:\/\/petityu.com\/en\/wp-json\/wp\/v2\/media?parent=6898"}],"wp:term":[{"taxonomy":"product_brand","embeddable":true,"href":"https:\/\/petityu.com\/en\/wp-json\/wp\/v2\/product_brand?post=6898"},{"taxonomy":"product_cat","embeddable":true,"href":"https:\/\/petityu.com\/en\/wp-json\/wp\/v2\/product_cat?post=6898"},{"taxonomy":"product_tag","embeddable":true,"href":"https:\/\/petityu.com\/en\/wp-json\/wp\/v2\/product_tag?post=6898"}],"curies":[{"name":"wp","href":"https:\/\/api.w.org\/{rel}","templated":true}]}}