{"id":6900,"date":"2024-09-19T16:15:26","date_gmt":"2024-09-19T13:15:26","guid":{"rendered":"https:\/\/petityu.com\/ucuk-pembe-sugecirmez-mama-onlugu\/"},"modified":"2026-03-02T19:56:29","modified_gmt":"2026-03-02T16:56:29","slug":"ucuk-pembe-sugecirmez-mama-onlugu","status":"publish","type":"product","link":"https:\/\/petityu.com\/en\/ucuk-pembe-sugecirmez-mama-onlugu\/","title":{"rendered":"U\u00e7uk Pembe Su Ge\u00e7irmez Mama \u00d6nl\u00fc\u011f\u00fc"},"content":{"rendered":"<p><p>Su ge\u00e7irmez mama \u00f6nl\u00fc\u011f\u00fc<\/p><br \/>\n<p>U\u00e7uk pembe<\/p><\/p>","protected":false},"excerpt":{"rendered":"<p>Su ge\u00e7irmez mama \u00f6nl\u00fc\u011f\u00fc U\u00e7uk pembe<\/p>","protected":false},"featured_media":6899,"template":"","meta":[],"product_brand":[],"product_cat":[15,935,986],"product_tag":[],"class_list":{"0":"post-6900","1":"product","2":"type-product","3":"status-publish","4":"has-post-thumbnail","6":"product_cat-genel","7":"product_cat-kizcocuk","8":"product_cat-mama-onlugu-kizcocuk","10":"first","11":"outofstock","12":"taxable","13":"shipping-taxable","14":"purchasable","15":"product-type-simple"},"_links":{"self":[{"href":"https:\/\/petityu.com\/en\/wp-json\/wp\/v2\/product\/6900","targetHints":{"allow":["GET"]}}],"collection":[{"href":"https:\/\/petityu.com\/en\/wp-json\/wp\/v2\/product"}],"about":[{"href":"https:\/\/petityu.com\/en\/wp-json\/wp\/v2\/types\/product"}],"wp:featuredmedia":[{"embeddable":true,"href":"https:\/\/petityu.com\/en\/wp-json\/wp\/v2\/media\/6899"}],"wp:attachment":[{"href":"https:\/\/petityu.com\/en\/wp-json\/wp\/v2\/media?parent=6900"}],"wp:term":[{"taxonomy":"product_brand","embeddable":true,"href":"https:\/\/petityu.com\/en\/wp-json\/wp\/v2\/product_brand?post=6900"},{"taxonomy":"product_cat","embeddable":true,"href":"https:\/\/petityu.com\/en\/wp-json\/wp\/v2\/product_cat?post=6900"},{"taxonomy":"product_tag","embeddable":true,"href":"https:\/\/petityu.com\/en\/wp-json\/wp\/v2\/product_tag?post=6900"}],"curies":[{"name":"wp","href":"https:\/\/api.w.org\/{rel}","templated":true}]}}