{"id":6907,"date":"2024-09-19T16:15:59","date_gmt":"2024-09-19T13:15:59","guid":{"rendered":"https:\/\/petityu.com\/unicorn-kemik-rengi-bucket-yazlik-sapka\/"},"modified":"2026-03-26T16:02:21","modified_gmt":"2026-03-26T13:02:21","slug":"unicorn-kemik-rengi-bucket-yazlik-sapka","status":"publish","type":"product","link":"https:\/\/petityu.com\/en\/unicorn-kemik-rengi-bucket-yazlik-sapka\/","title":{"rendered":"Unicorn Kemik Rengi Bucket Yazl\u0131k \u015eapka"},"content":{"rendered":"<p><p>Unicorn kemik rengi bucket \u015fapka, \u00e7ocuklar\u0131n ve yeti\u015fkinlerin rahat\u00e7a kullanabilece\u011fi \u015fekilde tasarlanm\u0131\u015ft\u0131r. Pamuklu materyali sayesinde cildi tahri\u015f etmeden g\u00fcn boyu konforlu bir kullan\u0131m sunar. Her ya\u015ftan insan\u0131n tarz\u0131na uyum sa\u011flayacak \u015fekilde tasarlanm\u0131\u015f olan bu \u015fapka, yaz aylar\u0131nda g\u00fcne\u015fin zararl\u0131 etkilerinden korunmak isteyenler i\u00e7in idealdir. Unutulmaz tasar\u0131mla dikkat \u00e7eken bu bucket \u015fapka, hem e\u011flenceli hem de fonksiyonel bir aksesuard\u0131r.;<\/p><\/p>","protected":false},"excerpt":{"rendered":"<p>Unicorn kemik rengi bucket \u015fapka, \u00e7ocuklar\u0131n ve yeti\u015fkinlerin rahat\u00e7a kullanabilece\u011fi \u015fekilde tasarlanm\u0131\u015ft\u0131r. Pamuklu materyali sayesinde cildi tahri\u015f etmeden g\u00fcn boyu konforlu bir kullan\u0131m sunar. Her&hellip;<\/p>","protected":false},"featured_media":6906,"template":"","meta":[],"product_brand":[],"product_cat":[15,935,975],"product_tag":[],"class_list":{"0":"post-6907","1":"product","2":"type-product","3":"status-publish","4":"has-post-thumbnail","6":"product_cat-genel","7":"product_cat-kizcocuk","8":"product_cat-sapka","10":"first","11":"outofstock","12":"taxable","13":"shipping-taxable","14":"purchasable","15":"product-type-simple"},"_links":{"self":[{"href":"https:\/\/petityu.com\/en\/wp-json\/wp\/v2\/product\/6907","targetHints":{"allow":["GET"]}}],"collection":[{"href":"https:\/\/petityu.com\/en\/wp-json\/wp\/v2\/product"}],"about":[{"href":"https:\/\/petityu.com\/en\/wp-json\/wp\/v2\/types\/product"}],"wp:featuredmedia":[{"embeddable":true,"href":"https:\/\/petityu.com\/en\/wp-json\/wp\/v2\/media\/6906"}],"wp:attachment":[{"href":"https:\/\/petityu.com\/en\/wp-json\/wp\/v2\/media?parent=6907"}],"wp:term":[{"taxonomy":"product_brand","embeddable":true,"href":"https:\/\/petityu.com\/en\/wp-json\/wp\/v2\/product_brand?post=6907"},{"taxonomy":"product_cat","embeddable":true,"href":"https:\/\/petityu.com\/en\/wp-json\/wp\/v2\/product_cat?post=6907"},{"taxonomy":"product_tag","embeddable":true,"href":"https:\/\/petityu.com\/en\/wp-json\/wp\/v2\/product_tag?post=6907"}],"curies":[{"name":"wp","href":"https:\/\/api.w.org\/{rel}","templated":true}]}}