{"id":6910,"date":"2024-09-19T16:16:13","date_gmt":"2024-09-19T13:16:13","guid":{"rendered":"https:\/\/petityu.com\/cool-sugecirmez-iskandinav-tarz-mama-onlugu-details\/"},"modified":"2026-03-31T18:22:23","modified_gmt":"2026-03-31T15:22:23","slug":"cool-sugecirmez-iskandinav-tarz-mama-onlugu-details","status":"publish","type":"product","link":"https:\/\/petityu.com\/en\/cool-sugecirmez-iskandinav-tarz-mama-onlugu-details\/","title":{"rendered":"Cool Su Ge\u00e7irmez \u0130skandinav Tarz Mama \u00d6nl\u00fc\u011f\u00fc"},"content":{"rendered":"<p><p>Su ge\u00e7irmez \u015firin mama \u00f6nl\u00fc\u011f\u00fc<\/p><\/p>","protected":false},"excerpt":{"rendered":"<p>Su ge\u00e7irmez \u015firin mama \u00f6nl\u00fc\u011f\u00fc<\/p>","protected":false},"featured_media":6908,"template":"","meta":[],"product_brand":[],"product_cat":[936,15,935,986,990],"product_tag":[],"class_list":{"0":"post-6910","1":"product","2":"type-product","3":"status-publish","4":"has-post-thumbnail","6":"product_cat-erkekcocuk","7":"product_cat-genel","8":"product_cat-kizcocuk","9":"product_cat-mama-onlugu-kizcocuk","10":"product_cat-mama-onlugu-erkekcocuk","12":"first","13":"instock","14":"taxable","15":"shipping-taxable","16":"purchasable","17":"product-type-simple"},"_links":{"self":[{"href":"https:\/\/petityu.com\/en\/wp-json\/wp\/v2\/product\/6910","targetHints":{"allow":["GET"]}}],"collection":[{"href":"https:\/\/petityu.com\/en\/wp-json\/wp\/v2\/product"}],"about":[{"href":"https:\/\/petityu.com\/en\/wp-json\/wp\/v2\/types\/product"}],"wp:featuredmedia":[{"embeddable":true,"href":"https:\/\/petityu.com\/en\/wp-json\/wp\/v2\/media\/6908"}],"wp:attachment":[{"href":"https:\/\/petityu.com\/en\/wp-json\/wp\/v2\/media?parent=6910"}],"wp:term":[{"taxonomy":"product_brand","embeddable":true,"href":"https:\/\/petityu.com\/en\/wp-json\/wp\/v2\/product_brand?post=6910"},{"taxonomy":"product_cat","embeddable":true,"href":"https:\/\/petityu.com\/en\/wp-json\/wp\/v2\/product_cat?post=6910"},{"taxonomy":"product_tag","embeddable":true,"href":"https:\/\/petityu.com\/en\/wp-json\/wp\/v2\/product_tag?post=6910"}],"curies":[{"name":"wp","href":"https:\/\/api.w.org\/{rel}","templated":true}]}}