{"id":6912,"date":"2024-09-19T16:16:23","date_gmt":"2024-09-19T13:16:23","guid":{"rendered":"https:\/\/petityu.com\/iskandinav-tarzda-su-gecirmez-sirin-cicek-sekilde-mama-onlugu\/"},"modified":"2026-03-31T18:19:45","modified_gmt":"2026-03-31T15:19:45","slug":"iskandinav-tarzda-su-gecirmez-sirin-cicek-sekilde-mama-onlugu","status":"publish","type":"product","link":"https:\/\/petityu.com\/en\/iskandinav-tarzda-su-gecirmez-sirin-cicek-sekilde-mama-onlugu\/","title":{"rendered":"\u0130skandinav Tarzda Su Ge\u00e7irmez \u015eirin \u00c7icek \u015eeklinde Mama \u00d6nl\u00fc\u011f\u00fc"},"content":{"rendered":"<p><p>Su ge\u00e7irmez \u015firin \u00f6nl\u00fck<\/p><\/p>","protected":false},"excerpt":{"rendered":"<p>Su ge\u00e7irmez \u015firin \u00f6nl\u00fck<\/p>","protected":false},"featured_media":6911,"template":"","meta":[],"product_brand":[],"product_cat":[15,935,986],"product_tag":[],"class_list":{"0":"post-6912","1":"product","2":"type-product","3":"status-publish","4":"has-post-thumbnail","6":"product_cat-genel","7":"product_cat-kizcocuk","8":"product_cat-mama-onlugu-kizcocuk","10":"first","11":"instock","12":"taxable","13":"shipping-taxable","14":"purchasable","15":"product-type-simple"},"_links":{"self":[{"href":"https:\/\/petityu.com\/en\/wp-json\/wp\/v2\/product\/6912","targetHints":{"allow":["GET"]}}],"collection":[{"href":"https:\/\/petityu.com\/en\/wp-json\/wp\/v2\/product"}],"about":[{"href":"https:\/\/petityu.com\/en\/wp-json\/wp\/v2\/types\/product"}],"wp:featuredmedia":[{"embeddable":true,"href":"https:\/\/petityu.com\/en\/wp-json\/wp\/v2\/media\/6911"}],"wp:attachment":[{"href":"https:\/\/petityu.com\/en\/wp-json\/wp\/v2\/media?parent=6912"}],"wp:term":[{"taxonomy":"product_brand","embeddable":true,"href":"https:\/\/petityu.com\/en\/wp-json\/wp\/v2\/product_brand?post=6912"},{"taxonomy":"product_cat","embeddable":true,"href":"https:\/\/petityu.com\/en\/wp-json\/wp\/v2\/product_cat?post=6912"},{"taxonomy":"product_tag","embeddable":true,"href":"https:\/\/petityu.com\/en\/wp-json\/wp\/v2\/product_tag?post=6912"}],"curies":[{"name":"wp","href":"https:\/\/api.w.org\/{rel}","templated":true}]}}