{"id":6914,"date":"2024-09-19T16:16:32","date_gmt":"2024-09-19T13:16:32","guid":{"rendered":"https:\/\/petityu.com\/unicorn-sevimli-donut-sugecirmez-sirt-cantasi-seker-anaokulu-cantasi\/"},"modified":"2025-12-06T20:49:26","modified_gmt":"2025-12-06T17:49:26","slug":"unicorn-sevimli-donut-sugecirmez-sirt-cantasi-seker-anaokulu-cantasi","status":"publish","type":"product","link":"https:\/\/petityu.com\/en\/unicorn-sevimli-donut-sugecirmez-sirt-cantasi-seker-anaokulu-cantasi\/","title":{"rendered":"Unicorn Sevimli Donut Su Ge\u00e7irmez S\u0131rt \u00c7antas\u0131 \u015eeker Anaokulu \u00c7antas\u0131"},"content":{"rendered":"<p><p>Sevimli unicorn deseniyle \u00e7ocuklar\u0131n ilgisini \u00e7eken k\u00fc\u00e7\u00fck boyutlu s\u0131rt \u00e7antas\u0131.; Suya dayan\u0131kl\u0131 kuma\u015f\u0131 sayesinde ya\u011fmur ya\u011fd\u0131\u011f\u0131nda bile i\u00e7erisindeki e\u015fyalar\u0131 korur.; Kolayca a\u00e7\u0131l\u0131p kapanabilen fermuarl\u0131 tasar\u0131m\u0131, e\u015fyalar\u0131n g\u00fcvenli bir \u015fekilde saklanmas\u0131n\u0131 sa\u011flar.; \u00c7ocuklar\u0131n k\u00fc\u00e7\u00fck elleri d\u00fc\u015f\u00fcn\u00fclerek tasarlanm\u0131\u015f ergonomik yap\u0131s\u0131, rahat ta\u015f\u0131ma imkan\u0131 sunar.; Anaokulu \u00e7a\u011f\u0131ndaki minikler i\u00e7in ideal boyut ve tasar\u0131m\u0131yla g\u00fcnl\u00fck kullan\u0131m i\u00e7in uygundur.;<\/p><\/p>","protected":false},"excerpt":{"rendered":"<p>Sevimli unicorn deseniyle \u00e7ocuklar\u0131n ilgisini \u00e7eken k\u00fc\u00e7\u00fck boyutlu s\u0131rt \u00e7antas\u0131.; Suya dayan\u0131kl\u0131 kuma\u015f\u0131 sayesinde ya\u011fmur ya\u011fd\u0131\u011f\u0131nda bile i\u00e7erisindeki e\u015fyalar\u0131 korur.; Kolayca a\u00e7\u0131l\u0131p kapanabilen fermuarl\u0131 tasar\u0131m\u0131,&hellip;<\/p>","protected":false},"featured_media":6913,"template":"","meta":[],"product_brand":[],"product_cat":[15,909,935],"product_tag":[],"class_list":{"0":"post-6914","1":"product","2":"type-product","3":"status-publish","4":"has-post-thumbnail","6":"product_cat-genel","7":"product_cat-cantaa","8":"product_cat-kizcocuk","10":"first","11":"instock","12":"taxable","13":"shipping-taxable","14":"purchasable","15":"product-type-simple"},"_links":{"self":[{"href":"https:\/\/petityu.com\/en\/wp-json\/wp\/v2\/product\/6914","targetHints":{"allow":["GET"]}}],"collection":[{"href":"https:\/\/petityu.com\/en\/wp-json\/wp\/v2\/product"}],"about":[{"href":"https:\/\/petityu.com\/en\/wp-json\/wp\/v2\/types\/product"}],"wp:featuredmedia":[{"embeddable":true,"href":"https:\/\/petityu.com\/en\/wp-json\/wp\/v2\/media\/6913"}],"wp:attachment":[{"href":"https:\/\/petityu.com\/en\/wp-json\/wp\/v2\/media?parent=6914"}],"wp:term":[{"taxonomy":"product_brand","embeddable":true,"href":"https:\/\/petityu.com\/en\/wp-json\/wp\/v2\/product_brand?post=6914"},{"taxonomy":"product_cat","embeddable":true,"href":"https:\/\/petityu.com\/en\/wp-json\/wp\/v2\/product_cat?post=6914"},{"taxonomy":"product_tag","embeddable":true,"href":"https:\/\/petityu.com\/en\/wp-json\/wp\/v2\/product_tag?post=6914"}],"curies":[{"name":"wp","href":"https:\/\/api.w.org\/{rel}","templated":true}]}}