{"id":6916,"date":"2024-09-19T16:16:42","date_gmt":"2024-09-19T13:16:42","guid":{"rendered":"https:\/\/petityu.com\/ici-kurklu-sicak-tutan-kulak-kapayan-karsever-kurbaga-bere-frog-in-love-with-snow\/"},"modified":"2025-11-21T15:20:37","modified_gmt":"2025-11-21T12:20:37","slug":"ici-kurklu-sicak-tutan-kulak-kapayan-karsever-kurbaga-bere-frog-in-love-with-snow","status":"publish","type":"product","link":"https:\/\/petityu.com\/en\/ici-kurklu-sicak-tutan-kulak-kapayan-karsever-kurbaga-bere-frog-in-love-with-snow\/","title":{"rendered":"\u0130\u00e7i K\u00fcrkl\u00fc S\u0131cak Tutan Kulak Kapayan Karsever Kurba\u011fa Bere &#8211; Frog In Love With Snow"},"content":{"rendered":"<p><p>K\u0131\u015f aylar\u0131nda \u00e7ocuklar\u0131n kulaklar\u0131n\u0131 s\u0131cak tutan, sevimli kurba\u011fa temal\u0131 bu bere ile \u00e7ocuklar\u0131n\u0131z\u0131n s\u0131cak kalmas\u0131n\u0131 sa\u011flay\u0131n.; \u00c7ocuklar\u0131n sevdi\u011fi e\u011flenceli tasar\u0131m\u0131 ile hem \u015f\u0131k hem de fonksiyonel bir aksesuar olarak \u00f6ne \u00e7\u0131kar.; Kolayca giyilip \u00e7\u0131kar\u0131labilen yap\u0131s\u0131, hareket \u00f6zg\u00fcrl\u00fc\u011f\u00fcn\u00fc k\u0131s\u0131tlamaz ve \u00e7ocuklar\u0131n oyun oynarken \u00f6zg\u00fcrce hareket etmelerine olanak tan\u0131r.; Renkli tasar\u0131m\u0131yla dikkat \u00e7eken bu bere, k\u0131\u015f g\u00fcnlerinde \u00e7ocuklar\u0131n tarz\u0131n\u0131 yans\u0131tan bir aksesuar haline gelir.;<\/p><\/p>","protected":false},"excerpt":{"rendered":"<p>K\u0131\u015f aylar\u0131nda \u00e7ocuklar\u0131n kulaklar\u0131n\u0131 s\u0131cak tutan, sevimli kurba\u011fa temal\u0131 bu bere ile \u00e7ocuklar\u0131n\u0131z\u0131n s\u0131cak kalmas\u0131n\u0131 sa\u011flay\u0131n.; \u00c7ocuklar\u0131n sevdi\u011fi e\u011flenceli tasar\u0131m\u0131 ile hem \u015f\u0131k hem de&hellip;<\/p>","protected":false},"featured_media":6915,"template":"","meta":[],"product_brand":[],"product_cat":[15,997,981,936,935],"product_tag":[],"class_list":{"0":"post-6916","1":"product","2":"type-product","3":"status-publish","4":"has-post-thumbnail","6":"product_cat-genel","7":"product_cat-atki-bere-eldiven","8":"product_cat-bere-atki-eldiven","9":"product_cat-erkekcocuk","10":"product_cat-kizcocuk","12":"first","13":"instock","14":"taxable","15":"shipping-taxable","16":"purchasable","17":"product-type-simple"},"_links":{"self":[{"href":"https:\/\/petityu.com\/en\/wp-json\/wp\/v2\/product\/6916","targetHints":{"allow":["GET"]}}],"collection":[{"href":"https:\/\/petityu.com\/en\/wp-json\/wp\/v2\/product"}],"about":[{"href":"https:\/\/petityu.com\/en\/wp-json\/wp\/v2\/types\/product"}],"wp:featuredmedia":[{"embeddable":true,"href":"https:\/\/petityu.com\/en\/wp-json\/wp\/v2\/media\/6915"}],"wp:attachment":[{"href":"https:\/\/petityu.com\/en\/wp-json\/wp\/v2\/media?parent=6916"}],"wp:term":[{"taxonomy":"product_brand","embeddable":true,"href":"https:\/\/petityu.com\/en\/wp-json\/wp\/v2\/product_brand?post=6916"},{"taxonomy":"product_cat","embeddable":true,"href":"https:\/\/petityu.com\/en\/wp-json\/wp\/v2\/product_cat?post=6916"},{"taxonomy":"product_tag","embeddable":true,"href":"https:\/\/petityu.com\/en\/wp-json\/wp\/v2\/product_tag?post=6916"}],"curies":[{"name":"wp","href":"https:\/\/api.w.org\/{rel}","templated":true}]}}