{"id":6918,"date":"2024-09-19T16:16:51","date_gmt":"2024-09-19T13:16:51","guid":{"rendered":"https:\/\/petityu.com\/cocuk-etkinlik-kece-yeni-yil-agaci-yilbasi-agaci-94x65-cm-34-parca\/"},"modified":"2025-12-23T12:51:01","modified_gmt":"2025-12-23T09:51:01","slug":"cocuk-etkinlik-kece-yeni-yil-agaci-yilbasi-agaci-94x65-cm-34-parca","status":"publish","type":"product","link":"https:\/\/petityu.com\/en\/cocuk-etkinlik-kece-yeni-yil-agaci-yilbasi-agaci-94x65-cm-34-parca\/","title":{"rendered":"\u00c7ocuk Etkinlik Ke\u00e7e Yeni Y\u0131l A\u011fac\u0131 Y\u0131lba\u015f\u0131 A\u011fac\u0131 34 Par\u00e7a"},"content":{"rendered":"<p><p>\u00c7ocuk Etkinlik Ke\u00e7e Yeni Y\u0131l A\u011fac\u0131 Y\u0131lba\u015f\u0131 A\u011fac\u0131<\/p><br \/>\n<p>Small: 50cm boy 33cm en<\/p><br \/>\n<p>Medium: 75cm boy 58cm en<\/p><br \/>\n<p>Large: 94cm boy 65cm en<\/p><br \/>\n<p>34 parca agac susleme seti<\/p><\/p>","protected":false},"excerpt":{"rendered":"<p>\u00c7ocuk Etkinlik Ke\u00e7e Yeni Y\u0131l A\u011fac\u0131 Y\u0131lba\u015f\u0131 A\u011fac\u0131 Small: 50cm boy 33cm en Medium: 75cm boy 58cm en Large: 94cm boy 65cm en 34 parca&hellip;<\/p>","protected":false},"featured_media":6917,"template":"","meta":[],"product_brand":[],"product_cat":[15],"product_tag":[],"class_list":{"0":"post-6918","1":"product","2":"type-product","3":"status-publish","4":"has-post-thumbnail","6":"product_cat-genel","8":"first","9":"outofstock","10":"taxable","11":"shipping-taxable","12":"purchasable","13":"product-type-variable"},"_links":{"self":[{"href":"https:\/\/petityu.com\/en\/wp-json\/wp\/v2\/product\/6918","targetHints":{"allow":["GET"]}}],"collection":[{"href":"https:\/\/petityu.com\/en\/wp-json\/wp\/v2\/product"}],"about":[{"href":"https:\/\/petityu.com\/en\/wp-json\/wp\/v2\/types\/product"}],"wp:featuredmedia":[{"embeddable":true,"href":"https:\/\/petityu.com\/en\/wp-json\/wp\/v2\/media\/6917"}],"wp:attachment":[{"href":"https:\/\/petityu.com\/en\/wp-json\/wp\/v2\/media?parent=6918"}],"wp:term":[{"taxonomy":"product_brand","embeddable":true,"href":"https:\/\/petityu.com\/en\/wp-json\/wp\/v2\/product_brand?post=6918"},{"taxonomy":"product_cat","embeddable":true,"href":"https:\/\/petityu.com\/en\/wp-json\/wp\/v2\/product_cat?post=6918"},{"taxonomy":"product_tag","embeddable":true,"href":"https:\/\/petityu.com\/en\/wp-json\/wp\/v2\/product_tag?post=6918"}],"curies":[{"name":"wp","href":"https:\/\/api.w.org\/{rel}","templated":true}]}}