{"id":6925,"date":"2024-09-19T16:17:32","date_gmt":"2024-09-19T13:17:32","guid":{"rendered":"https:\/\/petityu.com\/unicorn-minik-su-gecirmez-sirt-cantasi-272010cm-mini-anaokulu-sirt-cantasi-anaokulu-canta\/"},"modified":"2026-03-10T14:39:16","modified_gmt":"2026-03-10T11:39:16","slug":"unicorn-minik-su-gecirmez-sirt-cantasi-272010cm-mini-anaokulu-sirt-cantasi-anaokulu-canta","status":"publish","type":"product","link":"https:\/\/petityu.com\/en\/unicorn-minik-su-gecirmez-sirt-cantasi-272010cm-mini-anaokulu-sirt-cantasi-anaokulu-canta\/","title":{"rendered":"Unicorn Minik Su Ge\u00e7irmez S\u0131rt \u00c7antas\u0131 27*20*10cm Mini Anaokulu S\u0131rt \u00c7antas\u0131 Anaokulu \u00c7anta"},"content":{"rendered":"<p><p>27*20*10cm S\u0131rt \u00c7antas\u0131 su gecirmez<\/p><\/p>","protected":false},"excerpt":{"rendered":"<p>27*20*10cm S\u0131rt \u00c7antas\u0131 su gecirmez<\/p>","protected":false},"featured_media":6919,"template":"","meta":[],"product_brand":[],"product_cat":[15,909,935],"product_tag":[],"class_list":{"0":"post-6925","1":"product","2":"type-product","3":"status-publish","4":"has-post-thumbnail","6":"product_cat-genel","7":"product_cat-cantaa","8":"product_cat-kizcocuk","10":"first","11":"outofstock","12":"taxable","13":"shipping-taxable","14":"purchasable","15":"product-type-simple"},"_links":{"self":[{"href":"https:\/\/petityu.com\/en\/wp-json\/wp\/v2\/product\/6925","targetHints":{"allow":["GET"]}}],"collection":[{"href":"https:\/\/petityu.com\/en\/wp-json\/wp\/v2\/product"}],"about":[{"href":"https:\/\/petityu.com\/en\/wp-json\/wp\/v2\/types\/product"}],"wp:featuredmedia":[{"embeddable":true,"href":"https:\/\/petityu.com\/en\/wp-json\/wp\/v2\/media\/6919"}],"wp:attachment":[{"href":"https:\/\/petityu.com\/en\/wp-json\/wp\/v2\/media?parent=6925"}],"wp:term":[{"taxonomy":"product_brand","embeddable":true,"href":"https:\/\/petityu.com\/en\/wp-json\/wp\/v2\/product_brand?post=6925"},{"taxonomy":"product_cat","embeddable":true,"href":"https:\/\/petityu.com\/en\/wp-json\/wp\/v2\/product_cat?post=6925"},{"taxonomy":"product_tag","embeddable":true,"href":"https:\/\/petityu.com\/en\/wp-json\/wp\/v2\/product_tag?post=6925"}],"curies":[{"name":"wp","href":"https:\/\/api.w.org\/{rel}","templated":true}]}}