{"id":6927,"date":"2024-09-19T16:17:41","date_gmt":"2024-09-19T13:17:41","guid":{"rendered":"https:\/\/petityu.com\/yumusacik-yun-orgu-eldiven-hello-kitty-3-8-yas\/"},"modified":"2026-02-27T10:49:08","modified_gmt":"2026-02-27T07:49:08","slug":"yumusacik-yun-orgu-eldiven-hello-kitty-3-8-yas","status":"publish","type":"product","link":"https:\/\/petityu.com\/en\/yumusacik-yun-orgu-eldiven-hello-kitty-3-8-yas\/","title":{"rendered":"Yumu\u015fac\u0131k Y\u00fcn \u00d6rgu Eldiven Hello Kitty 3-8 Ya\u015f"},"content":{"rendered":"<p><p>Yumu\u015fak y\u00fcn \u00f6rg\u00fc eldivenler, \u00e7ocuklar\u0131n ellerini s\u0131cak tutmak i\u00e7in tasarland\u0131. 3 ila 8 ya\u015f aras\u0131 \u00e7ocuklar\u0131n kullan\u0131m\u0131na uygun olarak \u00f6zel olarak \u00fcretilmi\u015ftir. Y\u00fcn malzemesi sayesinde \u00e7ocuklar\u0131n ellerini so\u011fuktan korurken ayn\u0131 zamanda yumu\u015fak dokusu ile rahatl\u0131k sa\u011flar. Hello Kitty deseniyle \u00e7ocuklar\u0131n ilgisini \u00e7eker ve onlara e\u011flenceli bir dokunu\u015f katar.;<\/p><\/p>","protected":false},"excerpt":{"rendered":"<p>Yumu\u015fak y\u00fcn \u00f6rg\u00fc eldivenler, \u00e7ocuklar\u0131n ellerini s\u0131cak tutmak i\u00e7in tasarland\u0131. 3 ila 8 ya\u015f aras\u0131 \u00e7ocuklar\u0131n kullan\u0131m\u0131na uygun olarak \u00f6zel olarak \u00fcretilmi\u015ftir. Y\u00fcn malzemesi sayesinde&hellip;<\/p>","protected":false},"featured_media":6926,"template":"","meta":[],"product_brand":[],"product_cat":[981,15,935],"product_tag":[],"class_list":{"0":"post-6927","1":"product","2":"type-product","3":"status-publish","4":"has-post-thumbnail","6":"product_cat-bere-atki-eldiven","7":"product_cat-genel","8":"product_cat-kizcocuk","10":"first","11":"instock","12":"taxable","13":"shipping-taxable","14":"purchasable","15":"product-type-simple"},"_links":{"self":[{"href":"https:\/\/petityu.com\/en\/wp-json\/wp\/v2\/product\/6927","targetHints":{"allow":["GET"]}}],"collection":[{"href":"https:\/\/petityu.com\/en\/wp-json\/wp\/v2\/product"}],"about":[{"href":"https:\/\/petityu.com\/en\/wp-json\/wp\/v2\/types\/product"}],"wp:featuredmedia":[{"embeddable":true,"href":"https:\/\/petityu.com\/en\/wp-json\/wp\/v2\/media\/6926"}],"wp:attachment":[{"href":"https:\/\/petityu.com\/en\/wp-json\/wp\/v2\/media?parent=6927"}],"wp:term":[{"taxonomy":"product_brand","embeddable":true,"href":"https:\/\/petityu.com\/en\/wp-json\/wp\/v2\/product_brand?post=6927"},{"taxonomy":"product_cat","embeddable":true,"href":"https:\/\/petityu.com\/en\/wp-json\/wp\/v2\/product_cat?post=6927"},{"taxonomy":"product_tag","embeddable":true,"href":"https:\/\/petityu.com\/en\/wp-json\/wp\/v2\/product_tag?post=6927"}],"curies":[{"name":"wp","href":"https:\/\/api.w.org\/{rel}","templated":true}]}}