{"id":6935,"date":"2024-09-19T16:18:22","date_gmt":"2024-09-19T13:18:22","guid":{"rendered":"https:\/\/petityu.com\/silikon-onluk-su-gecirmez-ayarlanabilir-mama-onlugu\/"},"modified":"2025-08-21T14:28:20","modified_gmt":"2025-08-21T11:28:20","slug":"silikon-onluk-su-gecirmez-ayarlanabilir-mama-onlugu","status":"publish","type":"product","link":"https:\/\/petityu.com\/en\/silikon-onluk-su-gecirmez-ayarlanabilir-mama-onlugu\/","title":{"rendered":"Silikon \u00d6nl\u00fck Su Ge\u00e7irmez Ayarlanabilir Mama \u00d6nl\u00fc\u011f\u00fc"},"content":{"rendered":"<p><p>Silikon \u00f6nl\u00fck su ge\u00e7irmez ayarlanabilir T\u00fcm \u00fcr\u00fcnler BPA, ftalatlar, kur\u015fun ve PVC i\u00e7ermez. Sertifikalar sa\u011flanabilir<\/p><\/p>","protected":false},"excerpt":{"rendered":"<p>Silikon \u00f6nl\u00fck su ge\u00e7irmez ayarlanabilir T\u00fcm \u00fcr\u00fcnler BPA, ftalatlar, kur\u015fun ve PVC i\u00e7ermez. Sertifikalar sa\u011flanabilir<\/p>","protected":false},"featured_media":6933,"template":"","meta":[],"product_brand":[],"product_cat":[936,15,935,986,990],"product_tag":[],"class_list":{"0":"post-6935","1":"product","2":"type-product","3":"status-publish","4":"has-post-thumbnail","6":"product_cat-erkekcocuk","7":"product_cat-genel","8":"product_cat-kizcocuk","9":"product_cat-mama-onlugu-kizcocuk","10":"product_cat-mama-onlugu-erkekcocuk","12":"first","13":"outofstock","14":"taxable","15":"shipping-taxable","16":"purchasable","17":"product-type-simple"},"_links":{"self":[{"href":"https:\/\/petityu.com\/en\/wp-json\/wp\/v2\/product\/6935","targetHints":{"allow":["GET"]}}],"collection":[{"href":"https:\/\/petityu.com\/en\/wp-json\/wp\/v2\/product"}],"about":[{"href":"https:\/\/petityu.com\/en\/wp-json\/wp\/v2\/types\/product"}],"wp:featuredmedia":[{"embeddable":true,"href":"https:\/\/petityu.com\/en\/wp-json\/wp\/v2\/media\/6933"}],"wp:attachment":[{"href":"https:\/\/petityu.com\/en\/wp-json\/wp\/v2\/media?parent=6935"}],"wp:term":[{"taxonomy":"product_brand","embeddable":true,"href":"https:\/\/petityu.com\/en\/wp-json\/wp\/v2\/product_brand?post=6935"},{"taxonomy":"product_cat","embeddable":true,"href":"https:\/\/petityu.com\/en\/wp-json\/wp\/v2\/product_cat?post=6935"},{"taxonomy":"product_tag","embeddable":true,"href":"https:\/\/petityu.com\/en\/wp-json\/wp\/v2\/product_tag?post=6935"}],"curies":[{"name":"wp","href":"https:\/\/api.w.org\/{rel}","templated":true}]}}