{"id":6937,"date":"2024-09-19T16:18:31","date_gmt":"2024-09-19T13:18:31","guid":{"rendered":"https:\/\/petityu.com\/el-orgusu-pamuklu-orme-yelek-somon\/"},"modified":"2025-10-23T16:53:44","modified_gmt":"2025-10-23T13:53:44","slug":"el-orgusu-pamuklu-orme-yelek-somon","status":"publish","type":"product","link":"https:\/\/petityu.com\/en\/el-orgusu-pamuklu-orme-yelek-somon\/","title":{"rendered":"Petityu El \u00d6rgusu Pamuklu \u00d6rme Yelek -Somon 0-3 Ay"},"content":{"rendered":"<p><p>Standart boyu sayesinde, bebeklerinize rahatl\u0131kla giydirilebilecek \u015fekilde tasarlanm\u0131\u015ft\u0131r ve bebeklerinizin hareket \u00f6zg\u00fcrl\u00fc\u011f\u00fcn\u00fc k\u0131s\u0131tlamaz.; Somon rengi tonuyla \u015f\u0131kl\u0131\u011f\u0131 ve zarafeti \u00f6n plana \u00e7\u0131karan bu yelek, bebe\u011finizin gard\u0131robunun vazge\u00e7ilmez par\u00e7as\u0131 haline gelecektir.;<\/p><\/p>","protected":false},"excerpt":{"rendered":"<p>Standart boyu sayesinde, bebeklerinize rahatl\u0131kla giydirilebilecek \u015fekilde tasarlanm\u0131\u015ft\u0131r ve bebeklerinizin hareket \u00f6zg\u00fcrl\u00fc\u011f\u00fcn\u00fc k\u0131s\u0131tlamaz.; Somon rengi tonuyla \u015f\u0131kl\u0131\u011f\u0131 ve zarafeti \u00f6n plana \u00e7\u0131karan bu yelek, bebe\u011finizin&hellip;<\/p>","protected":false},"featured_media":6936,"template":"","meta":[],"product_brand":[],"product_cat":[15,935,985],"product_tag":[],"class_list":{"0":"post-6937","1":"product","2":"type-product","3":"status-publish","4":"has-post-thumbnail","6":"product_cat-genel","7":"product_cat-kizcocuk","8":"product_cat-orgu-yelek","10":"first","11":"instock","12":"taxable","13":"shipping-taxable","14":"purchasable","15":"product-type-simple"},"_links":{"self":[{"href":"https:\/\/petityu.com\/en\/wp-json\/wp\/v2\/product\/6937","targetHints":{"allow":["GET"]}}],"collection":[{"href":"https:\/\/petityu.com\/en\/wp-json\/wp\/v2\/product"}],"about":[{"href":"https:\/\/petityu.com\/en\/wp-json\/wp\/v2\/types\/product"}],"wp:featuredmedia":[{"embeddable":true,"href":"https:\/\/petityu.com\/en\/wp-json\/wp\/v2\/media\/6936"}],"wp:attachment":[{"href":"https:\/\/petityu.com\/en\/wp-json\/wp\/v2\/media?parent=6937"}],"wp:term":[{"taxonomy":"product_brand","embeddable":true,"href":"https:\/\/petityu.com\/en\/wp-json\/wp\/v2\/product_brand?post=6937"},{"taxonomy":"product_cat","embeddable":true,"href":"https:\/\/petityu.com\/en\/wp-json\/wp\/v2\/product_cat?post=6937"},{"taxonomy":"product_tag","embeddable":true,"href":"https:\/\/petityu.com\/en\/wp-json\/wp\/v2\/product_tag?post=6937"}],"curies":[{"name":"wp","href":"https:\/\/api.w.org\/{rel}","templated":true}]}}