{"id":6942,"date":"2024-09-19T16:18:56","date_gmt":"2024-09-19T13:18:56","guid":{"rendered":"https:\/\/petityu.com\/matriarch-kiss-the-frog-and-the-frog-become-cacique\/"},"modified":"2025-11-21T16:33:11","modified_gmt":"2025-11-21T13:33:11","slug":"matriarch-kiss-the-frog-and-the-frog-become-cacique","status":"publish","type":"product","link":"https:\/\/petityu.com\/en\/matriarch-kiss-the-frog-and-the-frog-become-cacique\/","title":{"rendered":"Matriarch Kiss The Frog And The Frog Become Cacique \u00d6zel Tasar\u0131m Kolye"},"content":{"rendered":"<p><p>Zarif tasar\u0131m\u0131yla g\u00f6z kama\u015ft\u0131ran alt\u0131n kolye, \u00f6zel g\u00fcnlerde \u015f\u0131kl\u0131\u011f\u0131n\u0131z\u0131 tamamlayacak.; &#8220;Kiss the frog and the frog become cacique&#8221; yaz\u0131s\u0131, romantik anlamlar ta\u015f\u0131yan bu kolyeyi benzersiz k\u0131lmaktad\u0131r.; Alt\u0131n renginin zarafetini yans\u0131tan bu kolye, hem g\u00fcnl\u00fck kullan\u0131m hem de \u00f6zel etkinlikler i\u00e7in idealdir.; \u00dcr\u00fcn\u00fcm\u00fcz\u00fcn kalitesi, uzun s\u00fcreli kullan\u0131m i\u00e7in dayan\u0131kl\u0131d\u0131r ve parlakl\u0131\u011f\u0131n\u0131 korur.; Hediye olarak tercih edebilece\u011finiz bu kolye, sevdiklerinizin kalbini fethedecek.;<\/p><\/p>","protected":false},"excerpt":{"rendered":"<p>Zarif tasar\u0131m\u0131yla g\u00f6z kama\u015ft\u0131ran alt\u0131n kolye, \u00f6zel g\u00fcnlerde \u015f\u0131kl\u0131\u011f\u0131n\u0131z\u0131 tamamlayacak.; &#8220;Kiss the frog and the frog become cacique&#8221; yaz\u0131s\u0131, romantik anlamlar ta\u015f\u0131yan bu kolyeyi benzersiz&hellip;<\/p>","protected":false},"featured_media":6941,"template":"","meta":[],"product_brand":[],"product_cat":[1001,1002,15],"product_tag":[],"class_list":{"0":"post-6942","1":"product","2":"type-product","3":"status-publish","4":"has-post-thumbnail","6":"product_cat-anne","7":"product_cat-elyapimicamkolye","8":"product_cat-genel","10":"first","11":"instock","12":"taxable","13":"shipping-taxable","14":"purchasable","15":"product-type-simple"},"_links":{"self":[{"href":"https:\/\/petityu.com\/en\/wp-json\/wp\/v2\/product\/6942","targetHints":{"allow":["GET"]}}],"collection":[{"href":"https:\/\/petityu.com\/en\/wp-json\/wp\/v2\/product"}],"about":[{"href":"https:\/\/petityu.com\/en\/wp-json\/wp\/v2\/types\/product"}],"wp:featuredmedia":[{"embeddable":true,"href":"https:\/\/petityu.com\/en\/wp-json\/wp\/v2\/media\/6941"}],"wp:attachment":[{"href":"https:\/\/petityu.com\/en\/wp-json\/wp\/v2\/media?parent=6942"}],"wp:term":[{"taxonomy":"product_brand","embeddable":true,"href":"https:\/\/petityu.com\/en\/wp-json\/wp\/v2\/product_brand?post=6942"},{"taxonomy":"product_cat","embeddable":true,"href":"https:\/\/petityu.com\/en\/wp-json\/wp\/v2\/product_cat?post=6942"},{"taxonomy":"product_tag","embeddable":true,"href":"https:\/\/petityu.com\/en\/wp-json\/wp\/v2\/product_tag?post=6942"}],"curies":[{"name":"wp","href":"https:\/\/api.w.org\/{rel}","templated":true}]}}