{"id":6944,"date":"2024-09-19T16:19:05","date_gmt":"2024-09-19T13:19:05","guid":{"rendered":"https:\/\/petityu.com\/drafonfly-in-love-with-daisy\/"},"modified":"2026-01-04T16:49:27","modified_gmt":"2026-01-04T13:49:27","slug":"drafonfly-in-love-with-daisy","status":"publish","type":"product","link":"https:\/\/petityu.com\/en\/drafonfly-in-love-with-daisy\/","title":{"rendered":"Drafonfly In Love With Daisy \u00d6zel Tasar\u0131m Kolye"},"content":{"rendered":"<p><p>Zarif tasar\u0131m\u0131yla dikkat \u00e7eken Drafonfly in Love with Daisy alt\u0131n kolye, sofistike ve \u015f\u0131k g\u00f6r\u00fcn\u00fcm\u00fcyle her k\u0131yafetle uyum sa\u011flar.; \u00d6zel g\u00fcnlerde veya g\u00fcnl\u00fck kullan\u0131mda tercih edebilece\u011finiz bu kolye, hem kendiniz i\u00e7in hem de sevdiklerinize hediye olarak d\u00fc\u015f\u00fcnebilece\u011finiz ideal bir aksesuard\u0131r.; Alt\u0131n kaplama malzemesi sayesinde uzun \u00f6m\u00fcrl\u00fc kullan\u0131m sunarken, parlakl\u0131\u011f\u0131n\u0131 koruyarak her zaman g\u00f6z al\u0131c\u0131 bir etki b\u0131rak\u0131r.; Daisy motifiyle s\u00fcslenmi\u015f detaylar\u0131yla feminen \u00e7izgileri \u00f6n plana \u00e7\u0131karan bu kolye, zarafeti ve g\u00fczelli\u011fiyle stilinizi tamamlaman\u0131z i\u00e7in tasarlanm\u0131\u015ft\u0131r.; Kolay tak\u0131labilir yap\u0131s\u0131 sayesinde g\u00fcnl\u00fck kullan\u0131m i\u00e7in pratiklik sa\u011flar ve her an yan\u0131n\u0131zda ta\u015f\u0131yabilece\u011finiz bir aksesuar haline gelir.; Hassas kullan\u0131c\u0131lar i\u00e7in g\u00fcvenli bir se\u00e7im olan Drafonfly in Love with Daisy alt\u0131n kolye, kaliteli malzemesiyle konforlu bir deneyim sunarken ayn\u0131 zamanda dayan\u0131kl\u0131l\u0131\u011f\u0131yla da \u00f6n plana \u00e7\u0131kar.;<\/p><\/p>","protected":false},"excerpt":{"rendered":"<p>Zarif tasar\u0131m\u0131yla dikkat \u00e7eken Drafonfly in Love with Daisy alt\u0131n kolye, sofistike ve \u015f\u0131k g\u00f6r\u00fcn\u00fcm\u00fcyle her k\u0131yafetle uyum sa\u011flar.; \u00d6zel g\u00fcnlerde veya g\u00fcnl\u00fck kullan\u0131mda tercih&hellip;<\/p>","protected":false},"featured_media":6943,"template":"","meta":[],"product_brand":[],"product_cat":[1001,1002,15],"product_tag":[],"class_list":{"0":"post-6944","1":"product","2":"type-product","3":"status-publish","4":"has-post-thumbnail","6":"product_cat-anne","7":"product_cat-elyapimicamkolye","8":"product_cat-genel","10":"first","11":"instock","12":"taxable","13":"shipping-taxable","14":"purchasable","15":"product-type-simple"},"_links":{"self":[{"href":"https:\/\/petityu.com\/en\/wp-json\/wp\/v2\/product\/6944","targetHints":{"allow":["GET"]}}],"collection":[{"href":"https:\/\/petityu.com\/en\/wp-json\/wp\/v2\/product"}],"about":[{"href":"https:\/\/petityu.com\/en\/wp-json\/wp\/v2\/types\/product"}],"wp:featuredmedia":[{"embeddable":true,"href":"https:\/\/petityu.com\/en\/wp-json\/wp\/v2\/media\/6943"}],"wp:attachment":[{"href":"https:\/\/petityu.com\/en\/wp-json\/wp\/v2\/media?parent=6944"}],"wp:term":[{"taxonomy":"product_brand","embeddable":true,"href":"https:\/\/petityu.com\/en\/wp-json\/wp\/v2\/product_brand?post=6944"},{"taxonomy":"product_cat","embeddable":true,"href":"https:\/\/petityu.com\/en\/wp-json\/wp\/v2\/product_cat?post=6944"},{"taxonomy":"product_tag","embeddable":true,"href":"https:\/\/petityu.com\/en\/wp-json\/wp\/v2\/product_tag?post=6944"}],"curies":[{"name":"wp","href":"https:\/\/api.w.org\/{rel}","templated":true}]}}