{"id":6956,"date":"2024-09-19T16:20:07","date_gmt":"2024-09-19T13:20:07","guid":{"rendered":"https:\/\/petityu.com\/toystory-cocuk-bileklik\/"},"modified":"2025-08-21T13:54:13","modified_gmt":"2025-08-21T10:54:13","slug":"toystory-cocuk-bileklik","status":"publish","type":"product","link":"https:\/\/petityu.com\/en\/toystory-cocuk-bileklik\/","title":{"rendered":"Toystory \u00c7ocuk Bileklik"},"content":{"rendered":"<p><p>Toystory \u00e7ocuk bilekli\u011fi, \u00e7ocuklar\u0131n k\u00fc\u00e7\u00fck ellerine \u00f6zel olarak tasarlanm\u0131\u015ft\u0131r. Renkli ve e\u011flenceli tasar\u0131m\u0131yla dikkat \u00e7eken bu bileklik, \u00e7ocuklar\u0131n bileklerini s\u00fcslerken ayn\u0131 zamanda onlar\u0131 mutlu eder. \u00c7ocuklar\u0131n oyun zamanlar\u0131nda veya g\u00fcnl\u00fck aktivitelerinde rahatl\u0131kla kullanabilecekleri bu bileklik, hem \u015f\u0131k hem de kullan\u0131\u015fl\u0131d\u0131r. \u00c7ocuklar\u0131n hayal g\u00fcc\u00fcn\u00fc geli\u015ftiren renkler ve desenler i\u00e7erir. \u00c7ocuklar\u0131n g\u00fcvenli\u011fi d\u00fc\u015f\u00fcn\u00fclerek \u00fcretilmi\u015ftir ve kaliteli malzemelerden yap\u0131lm\u0131\u015ft\u0131r.;<\/p><\/p>","protected":false},"excerpt":{"rendered":"<p>Toystory \u00e7ocuk bilekli\u011fi, \u00e7ocuklar\u0131n k\u00fc\u00e7\u00fck ellerine \u00f6zel olarak tasarlanm\u0131\u015ft\u0131r. Renkli ve e\u011flenceli tasar\u0131m\u0131yla dikkat \u00e7eken bu bileklik, \u00e7ocuklar\u0131n bileklerini s\u00fcslerken ayn\u0131 zamanda onlar\u0131 mutlu eder.&hellip;<\/p>","protected":false},"featured_media":6954,"template":"","meta":[],"product_brand":[],"product_cat":[15,988,936],"product_tag":[],"class_list":{"0":"post-6956","1":"product","2":"type-product","3":"status-publish","4":"has-post-thumbnail","6":"product_cat-genel","7":"product_cat-bileklik-erkekcocuk","8":"product_cat-erkekcocuk","10":"first","11":"outofstock","12":"taxable","13":"shipping-taxable","14":"purchasable","15":"product-type-simple"},"_links":{"self":[{"href":"https:\/\/petityu.com\/en\/wp-json\/wp\/v2\/product\/6956","targetHints":{"allow":["GET"]}}],"collection":[{"href":"https:\/\/petityu.com\/en\/wp-json\/wp\/v2\/product"}],"about":[{"href":"https:\/\/petityu.com\/en\/wp-json\/wp\/v2\/types\/product"}],"wp:featuredmedia":[{"embeddable":true,"href":"https:\/\/petityu.com\/en\/wp-json\/wp\/v2\/media\/6954"}],"wp:attachment":[{"href":"https:\/\/petityu.com\/en\/wp-json\/wp\/v2\/media?parent=6956"}],"wp:term":[{"taxonomy":"product_brand","embeddable":true,"href":"https:\/\/petityu.com\/en\/wp-json\/wp\/v2\/product_brand?post=6956"},{"taxonomy":"product_cat","embeddable":true,"href":"https:\/\/petityu.com\/en\/wp-json\/wp\/v2\/product_cat?post=6956"},{"taxonomy":"product_tag","embeddable":true,"href":"https:\/\/petityu.com\/en\/wp-json\/wp\/v2\/product_tag?post=6956"}],"curies":[{"name":"wp","href":"https:\/\/api.w.org\/{rel}","templated":true}]}}