{"id":6960,"date":"2024-09-19T16:20:26","date_gmt":"2024-09-19T13:20:26","guid":{"rendered":"https:\/\/petityu.com\/arabali-gri-yoldaki-arabalar-uzun-kollu-su-gecirmez-bebek-mama-ve-aktivite-onluk\/"},"modified":"2026-03-31T18:28:53","modified_gmt":"2026-03-31T15:28:53","slug":"arabali-gri-yoldaki-arabalar-uzun-kollu-su-gecirmez-bebek-mama-ve-aktivite-onluk","status":"publish","type":"product","link":"https:\/\/petityu.com\/en\/arabali-gri-yoldaki-arabalar-uzun-kollu-su-gecirmez-bebek-mama-ve-aktivite-onluk\/","title":{"rendered":"Arabali Gri Yoldaki Arabalar- Uzun Kollu Su Ge\u00e7irmez Bebek Mama Ve Aktivite \u00d6nl\u00fck"},"content":{"rendered":"<p><p>Uzun kollu mama \u00f6nl\u00fc\u011f\u00fc<\/p><br \/>\n<p>Gri arabal\u0131 desenli<\/p><br \/>\n<p>Su ge\u00e7irmez<\/p><\/p>","protected":false},"excerpt":{"rendered":"<p>Uzun kollu mama \u00f6nl\u00fc\u011f\u00fc Gri arabal\u0131 desenli Su ge\u00e7irmez<\/p>","protected":false},"featured_media":6959,"template":"","meta":[],"product_brand":[],"product_cat":[15,936,990],"product_tag":[],"class_list":{"0":"post-6960","1":"product","2":"type-product","3":"status-publish","4":"has-post-thumbnail","6":"product_cat-genel","7":"product_cat-erkekcocuk","8":"product_cat-mama-onlugu-erkekcocuk","10":"first","11":"instock","12":"taxable","13":"shipping-taxable","14":"purchasable","15":"product-type-simple"},"_links":{"self":[{"href":"https:\/\/petityu.com\/en\/wp-json\/wp\/v2\/product\/6960","targetHints":{"allow":["GET"]}}],"collection":[{"href":"https:\/\/petityu.com\/en\/wp-json\/wp\/v2\/product"}],"about":[{"href":"https:\/\/petityu.com\/en\/wp-json\/wp\/v2\/types\/product"}],"wp:featuredmedia":[{"embeddable":true,"href":"https:\/\/petityu.com\/en\/wp-json\/wp\/v2\/media\/6959"}],"wp:attachment":[{"href":"https:\/\/petityu.com\/en\/wp-json\/wp\/v2\/media?parent=6960"}],"wp:term":[{"taxonomy":"product_brand","embeddable":true,"href":"https:\/\/petityu.com\/en\/wp-json\/wp\/v2\/product_brand?post=6960"},{"taxonomy":"product_cat","embeddable":true,"href":"https:\/\/petityu.com\/en\/wp-json\/wp\/v2\/product_cat?post=6960"},{"taxonomy":"product_tag","embeddable":true,"href":"https:\/\/petityu.com\/en\/wp-json\/wp\/v2\/product_tag?post=6960"}],"curies":[{"name":"wp","href":"https:\/\/api.w.org\/{rel}","templated":true}]}}