{"id":6967,"date":"2024-09-19T16:21:01","date_gmt":"2024-09-19T13:21:01","guid":{"rendered":"https:\/\/petityu.com\/black-and-white-dotty-bib-for-little-cuties-puantiyeli-su-gecirmez-onluk-mama-onlugu\/"},"modified":"2026-03-31T18:32:40","modified_gmt":"2026-03-31T15:32:40","slug":"black-and-white-dotty-bib-for-little-cuties-puantiyeli-su-gecirmez-onluk-mama-onlugu","status":"publish","type":"product","link":"https:\/\/petityu.com\/en\/black-and-white-dotty-bib-for-little-cuties-puantiyeli-su-gecirmez-onluk-mama-onlugu\/","title":{"rendered":"Black And White Dotty Bib For Little Cuties- Puantiyeli Su Ge\u00e7irmez \u00d6nl\u00fck Mama \u00d6nl\u00fc\u011f\u00fc"},"content":{"rendered":"<p><p>Bebeklerinize \u00f6zel olarak tasarlanm\u0131\u015f, puantiyeli su ge\u00e7irmez mama \u00f6nl\u00fc\u011f\u00fc ile yemek saatleri art\u0131k daha keyifli! Bebekleriniz i\u00e7in ideal olan bu \u00f6nl\u00fck, suya dayan\u0131kl\u0131 yap\u0131s\u0131yla leke tutmaz ve kolay temizlenebilir \u00f6zelliktedir. Siyah beyaz puantiyeli deseniyle \u015firin bir g\u00f6r\u00fcn\u00fcm sunar ve bebe\u011finizin yemek saatlerinde hem koruyucu hem de \u015f\u0131k olur.;<\/p><\/p>","protected":false},"excerpt":{"rendered":"<p>Bebeklerinize \u00f6zel olarak tasarlanm\u0131\u015f, puantiyeli su ge\u00e7irmez mama \u00f6nl\u00fc\u011f\u00fc ile yemek saatleri art\u0131k daha keyifli! Bebekleriniz i\u00e7in ideal olan bu \u00f6nl\u00fck, suya dayan\u0131kl\u0131 yap\u0131s\u0131yla leke&hellip;<\/p>","protected":false},"featured_media":6965,"template":"","meta":[],"product_brand":[],"product_cat":[15,935,986],"product_tag":[],"class_list":{"0":"post-6967","1":"product","2":"type-product","3":"status-publish","4":"has-post-thumbnail","6":"product_cat-genel","7":"product_cat-kizcocuk","8":"product_cat-mama-onlugu-kizcocuk","10":"first","11":"instock","12":"taxable","13":"shipping-taxable","14":"purchasable","15":"product-type-simple"},"_links":{"self":[{"href":"https:\/\/petityu.com\/en\/wp-json\/wp\/v2\/product\/6967","targetHints":{"allow":["GET"]}}],"collection":[{"href":"https:\/\/petityu.com\/en\/wp-json\/wp\/v2\/product"}],"about":[{"href":"https:\/\/petityu.com\/en\/wp-json\/wp\/v2\/types\/product"}],"wp:featuredmedia":[{"embeddable":true,"href":"https:\/\/petityu.com\/en\/wp-json\/wp\/v2\/media\/6965"}],"wp:attachment":[{"href":"https:\/\/petityu.com\/en\/wp-json\/wp\/v2\/media?parent=6967"}],"wp:term":[{"taxonomy":"product_brand","embeddable":true,"href":"https:\/\/petityu.com\/en\/wp-json\/wp\/v2\/product_brand?post=6967"},{"taxonomy":"product_cat","embeddable":true,"href":"https:\/\/petityu.com\/en\/wp-json\/wp\/v2\/product_cat?post=6967"},{"taxonomy":"product_tag","embeddable":true,"href":"https:\/\/petityu.com\/en\/wp-json\/wp\/v2\/product_tag?post=6967"}],"curies":[{"name":"wp","href":"https:\/\/api.w.org\/{rel}","templated":true}]}}