{"id":6969,"date":"2024-09-19T16:21:11","date_gmt":"2024-09-19T13:21:11","guid":{"rendered":"https:\/\/petityu.com\/portable-baby-girl-potty-emergency-toilet-for-car-and-potty-pee-training-kiz-cocuk-lazimlik\/"},"modified":"2025-08-21T14:10:43","modified_gmt":"2025-08-21T11:10:43","slug":"portable-baby-girl-potty-emergency-toilet-for-car-and-potty-pee-training-kiz-cocuk-lazimlik","status":"publish","type":"product","link":"https:\/\/petityu.com\/en\/portable-baby-girl-potty-emergency-toilet-for-car-and-potty-pee-training-kiz-cocuk-lazimlik\/","title":{"rendered":"Portable Baby Girl Potty Emergency Toilet For Car And Potty Pee Training- K\u0131z \u00c7ocuk Laz\u0131ml\u0131k"},"content":{"rendered":"<p><p>Ta\u015f\u0131nabilir kullan\u0131\u015fl\u0131 seyahat sevimli bebek pisuvar k\u0131z \u00e7ocuk laz\u0131ml\u0131k<\/p><\/p>","protected":false},"excerpt":{"rendered":"<p>Ta\u015f\u0131nabilir kullan\u0131\u015fl\u0131 seyahat sevimli bebek pisuvar k\u0131z \u00e7ocuk laz\u0131ml\u0131k<\/p>","protected":false},"featured_media":6968,"template":"","meta":[],"product_brand":[],"product_cat":[15],"product_tag":[],"class_list":{"0":"post-6969","1":"product","2":"type-product","3":"status-publish","4":"has-post-thumbnail","6":"product_cat-genel","8":"first","9":"outofstock","10":"taxable","11":"shipping-taxable","12":"purchasable","13":"product-type-simple"},"_links":{"self":[{"href":"https:\/\/petityu.com\/en\/wp-json\/wp\/v2\/product\/6969","targetHints":{"allow":["GET"]}}],"collection":[{"href":"https:\/\/petityu.com\/en\/wp-json\/wp\/v2\/product"}],"about":[{"href":"https:\/\/petityu.com\/en\/wp-json\/wp\/v2\/types\/product"}],"wp:featuredmedia":[{"embeddable":true,"href":"https:\/\/petityu.com\/en\/wp-json\/wp\/v2\/media\/6968"}],"wp:attachment":[{"href":"https:\/\/petityu.com\/en\/wp-json\/wp\/v2\/media?parent=6969"}],"wp:term":[{"taxonomy":"product_brand","embeddable":true,"href":"https:\/\/petityu.com\/en\/wp-json\/wp\/v2\/product_brand?post=6969"},{"taxonomy":"product_cat","embeddable":true,"href":"https:\/\/petityu.com\/en\/wp-json\/wp\/v2\/product_cat?post=6969"},{"taxonomy":"product_tag","embeddable":true,"href":"https:\/\/petityu.com\/en\/wp-json\/wp\/v2\/product_tag?post=6969"}],"curies":[{"name":"wp","href":"https:\/\/api.w.org\/{rel}","templated":true}]}}