{"id":6971,"date":"2024-09-19T16:21:25","date_gmt":"2024-09-19T13:21:25","guid":{"rendered":"https:\/\/petityu.com\/erkek-cocuk-tasinabilir-sizdirmaz-lazimlik-portable-baby-boy-child-potty-urinal-emergency-toilet-wc\/"},"modified":"2025-11-24T14:47:18","modified_gmt":"2025-11-24T11:47:18","slug":"erkek-cocuk-tasinabilir-sizdirmaz-lazimlik-portable-baby-boy-child-potty-urinal-emergency-toilet-wc","status":"publish","type":"product","link":"https:\/\/petityu.com\/en\/erkek-cocuk-tasinabilir-sizdirmaz-lazimlik-portable-baby-boy-child-potty-urinal-emergency-toilet-wc\/","title":{"rendered":"Erkek \u00c7ocuk Ta\u015f\u0131nabilir S\u0131zd\u0131rmaz Laz\u0131ml\u0131k- Portable Baby Boy Child Potty Urinal Emergency Toilet Wc"},"content":{"rendered":"<p><p>Ta\u015f\u0131nabilir kullan\u0131\u015fl\u0131 seyahat sevimli bebek pisuvar erkek \u00e7ocuklara laz\u0131ml\u0131k<\/p><\/p>","protected":false},"excerpt":{"rendered":"<p>Ta\u015f\u0131nabilir kullan\u0131\u015fl\u0131 seyahat sevimli bebek pisuvar erkek \u00e7ocuklara laz\u0131ml\u0131k<\/p>","protected":false},"featured_media":6970,"template":"","meta":[],"product_brand":[],"product_cat":[15],"product_tag":[],"class_list":{"0":"post-6971","1":"product","2":"type-product","3":"status-publish","4":"has-post-thumbnail","6":"product_cat-genel","8":"first","9":"instock","10":"taxable","11":"shipping-taxable","12":"purchasable","13":"product-type-simple"},"_links":{"self":[{"href":"https:\/\/petityu.com\/en\/wp-json\/wp\/v2\/product\/6971","targetHints":{"allow":["GET"]}}],"collection":[{"href":"https:\/\/petityu.com\/en\/wp-json\/wp\/v2\/product"}],"about":[{"href":"https:\/\/petityu.com\/en\/wp-json\/wp\/v2\/types\/product"}],"wp:featuredmedia":[{"embeddable":true,"href":"https:\/\/petityu.com\/en\/wp-json\/wp\/v2\/media\/6970"}],"wp:attachment":[{"href":"https:\/\/petityu.com\/en\/wp-json\/wp\/v2\/media?parent=6971"}],"wp:term":[{"taxonomy":"product_brand","embeddable":true,"href":"https:\/\/petityu.com\/en\/wp-json\/wp\/v2\/product_brand?post=6971"},{"taxonomy":"product_cat","embeddable":true,"href":"https:\/\/petityu.com\/en\/wp-json\/wp\/v2\/product_cat?post=6971"},{"taxonomy":"product_tag","embeddable":true,"href":"https:\/\/petityu.com\/en\/wp-json\/wp\/v2\/product_tag?post=6971"}],"curies":[{"name":"wp","href":"https:\/\/api.w.org\/{rel}","templated":true}]}}