{"id":6973,"date":"2024-09-19T16:21:36","date_gmt":"2024-09-19T13:21:36","guid":{"rendered":"https:\/\/petityu.com\/unicorn-kisa-kollu-su-gecirmez-onluk\/"},"modified":"2025-08-21T14:21:15","modified_gmt":"2025-08-21T11:21:15","slug":"unicorn-kisa-kollu-su-gecirmez-onluk","status":"publish","type":"product","link":"https:\/\/petityu.com\/en\/unicorn-kisa-kollu-su-gecirmez-onluk\/","title":{"rendered":"Unicorn K\u0131sa Kollu Su Ge\u00e7irmez \u00d6nl\u00fck &#8211;"},"content":{"rendered":"<p><p>SU GECIRMEZ ACIK PEMBE ONLUK tek ebat 2-3 yas yenidogan 0-2 yas<\/p><\/p>","protected":false},"excerpt":{"rendered":"<p>SU GECIRMEZ ACIK PEMBE ONLUK tek ebat 2-3 yas yenidogan 0-2 yas<\/p>","protected":false},"featured_media":6972,"template":"","meta":[],"product_brand":[],"product_cat":[15],"product_tag":[],"class_list":{"0":"post-6973","1":"product","2":"type-product","3":"status-publish","4":"has-post-thumbnail","6":"product_cat-genel","8":"first","9":"outofstock","10":"taxable","11":"shipping-taxable","12":"purchasable","13":"product-type-simple"},"_links":{"self":[{"href":"https:\/\/petityu.com\/en\/wp-json\/wp\/v2\/product\/6973","targetHints":{"allow":["GET"]}}],"collection":[{"href":"https:\/\/petityu.com\/en\/wp-json\/wp\/v2\/product"}],"about":[{"href":"https:\/\/petityu.com\/en\/wp-json\/wp\/v2\/types\/product"}],"wp:featuredmedia":[{"embeddable":true,"href":"https:\/\/petityu.com\/en\/wp-json\/wp\/v2\/media\/6972"}],"wp:attachment":[{"href":"https:\/\/petityu.com\/en\/wp-json\/wp\/v2\/media?parent=6973"}],"wp:term":[{"taxonomy":"product_brand","embeddable":true,"href":"https:\/\/petityu.com\/en\/wp-json\/wp\/v2\/product_brand?post=6973"},{"taxonomy":"product_cat","embeddable":true,"href":"https:\/\/petityu.com\/en\/wp-json\/wp\/v2\/product_cat?post=6973"},{"taxonomy":"product_tag","embeddable":true,"href":"https:\/\/petityu.com\/en\/wp-json\/wp\/v2\/product_tag?post=6973"}],"curies":[{"name":"wp","href":"https:\/\/api.w.org\/{rel}","templated":true}]}}