{"id":6975,"date":"2024-09-19T16:21:47","date_gmt":"2024-09-19T13:21:47","guid":{"rendered":"https:\/\/petityu.com\/mavi-kopek-uzun-kollu-su-gecirmez-onluk-21lbmavikopeklongsleevebib\/"},"modified":"2026-03-31T17:59:03","modified_gmt":"2026-03-31T14:59:03","slug":"mavi-kopek-uzun-kollu-su-gecirmez-onluk-21lbmavikopeklongsleevebib","status":"publish","type":"product","link":"https:\/\/petityu.com\/en\/mavi-kopek-uzun-kollu-su-gecirmez-onluk-21lbmavikopeklongsleevebib\/","title":{"rendered":"Mavi K\u00f6pek Uzun Kollu Su Ge\u00e7irmez \u00d6nl\u00fck 21lbmavikopeklongsleeveb\u0131b"},"content":{"rendered":"<p><p>6 ay &#8211; 24 ay i\u00e7in uygun bebek mama \u00f6nl\u00fc\u011f\u00fc<\/p><br \/>\n<p>Blue<\/p><\/p>","protected":false},"excerpt":{"rendered":"<p>6 ay &#8211; 24 ay i\u00e7in uygun bebek mama \u00f6nl\u00fc\u011f\u00fc Mavi<\/p>","protected":false},"featured_media":6974,"template":"","meta":[],"product_brand":[],"product_cat":[15],"product_tag":[],"class_list":{"0":"post-6975","1":"product","2":"type-product","3":"status-publish","4":"has-post-thumbnail","6":"product_cat-genel","8":"first","9":"instock","10":"taxable","11":"shipping-taxable","12":"purchasable","13":"product-type-simple"},"_links":{"self":[{"href":"https:\/\/petityu.com\/en\/wp-json\/wp\/v2\/product\/6975","targetHints":{"allow":["GET"]}}],"collection":[{"href":"https:\/\/petityu.com\/en\/wp-json\/wp\/v2\/product"}],"about":[{"href":"https:\/\/petityu.com\/en\/wp-json\/wp\/v2\/types\/product"}],"wp:featuredmedia":[{"embeddable":true,"href":"https:\/\/petityu.com\/en\/wp-json\/wp\/v2\/media\/6974"}],"wp:attachment":[{"href":"https:\/\/petityu.com\/en\/wp-json\/wp\/v2\/media?parent=6975"}],"wp:term":[{"taxonomy":"product_brand","embeddable":true,"href":"https:\/\/petityu.com\/en\/wp-json\/wp\/v2\/product_brand?post=6975"},{"taxonomy":"product_cat","embeddable":true,"href":"https:\/\/petityu.com\/en\/wp-json\/wp\/v2\/product_cat?post=6975"},{"taxonomy":"product_tag","embeddable":true,"href":"https:\/\/petityu.com\/en\/wp-json\/wp\/v2\/product_tag?post=6975"}],"curies":[{"name":"wp","href":"https:\/\/api.w.org\/{rel}","templated":true}]}}