{"id":6977,"date":"2024-09-19T16:21:58","date_gmt":"2024-09-19T13:21:58","guid":{"rendered":"https:\/\/petityu.com\/beyaz-ustu-siyah-gri-uzun-kollu-su-gecirmez-bebek-onluk\/"},"modified":"2025-08-21T14:21:22","modified_gmt":"2025-08-21T11:21:22","slug":"beyaz-ustu-siyah-gri-uzun-kollu-su-gecirmez-bebek-onluk","status":"publish","type":"product","link":"https:\/\/petityu.com\/en\/beyaz-ustu-siyah-gri-uzun-kollu-su-gecirmez-bebek-onluk\/","title":{"rendered":"Beyaz \u00dcstu Siyah Gri Uzun Kollu Su Ge\u00e7irmez Bebek \u00d6nl\u00fck"},"content":{"rendered":"<p><p>Uzun kollu mama \u00f6nl\u00fc\u011f\u00fc<\/p><br \/>\n<p>Su ge\u00e7irmez<\/p><br \/>\n<p>Beyaz \u00fcst\u00fc siyah gri <\/p><\/p>","protected":false},"excerpt":{"rendered":"<p>Uzun kollu mama \u00f6nl\u00fc\u011f\u00fc Su ge\u00e7irmez Beyaz \u00fcst\u00fc siyah gri<\/p>","protected":false},"featured_media":6976,"template":"","meta":[],"product_brand":[],"product_cat":[15],"product_tag":[],"class_list":{"0":"post-6977","1":"product","2":"type-product","3":"status-publish","4":"has-post-thumbnail","6":"product_cat-genel","8":"first","9":"outofstock","10":"taxable","11":"shipping-taxable","12":"purchasable","13":"product-type-simple"},"_links":{"self":[{"href":"https:\/\/petityu.com\/en\/wp-json\/wp\/v2\/product\/6977","targetHints":{"allow":["GET"]}}],"collection":[{"href":"https:\/\/petityu.com\/en\/wp-json\/wp\/v2\/product"}],"about":[{"href":"https:\/\/petityu.com\/en\/wp-json\/wp\/v2\/types\/product"}],"wp:featuredmedia":[{"embeddable":true,"href":"https:\/\/petityu.com\/en\/wp-json\/wp\/v2\/media\/6976"}],"wp:attachment":[{"href":"https:\/\/petityu.com\/en\/wp-json\/wp\/v2\/media?parent=6977"}],"wp:term":[{"taxonomy":"product_brand","embeddable":true,"href":"https:\/\/petityu.com\/en\/wp-json\/wp\/v2\/product_brand?post=6977"},{"taxonomy":"product_cat","embeddable":true,"href":"https:\/\/petityu.com\/en\/wp-json\/wp\/v2\/product_cat?post=6977"},{"taxonomy":"product_tag","embeddable":true,"href":"https:\/\/petityu.com\/en\/wp-json\/wp\/v2\/product_tag?post=6977"}],"curies":[{"name":"wp","href":"https:\/\/api.w.org\/{rel}","templated":true}]}}