{"id":6979,"date":"2024-09-19T16:22:08","date_gmt":"2024-09-19T13:22:08","guid":{"rendered":"https:\/\/petityu.com\/gri-jungle-pembe-orman-hayvanlari-uzun-kollu-su-gecirmez-bebek-onluk-0-2-yas-mama-onlugu\/"},"modified":"2026-03-31T18:36:05","modified_gmt":"2026-03-31T15:36:05","slug":"gri-jungle-pembe-orman-hayvanlari-uzun-kollu-su-gecirmez-bebek-onluk-0-2-yas-mama-onlugu","status":"publish","type":"product","link":"https:\/\/petityu.com\/en\/gri-jungle-pembe-orman-hayvanlari-uzun-kollu-su-gecirmez-bebek-onluk-0-2-yas-mama-onlugu\/","title":{"rendered":"Gri Jungle Pembe Orman Hayvanlar\u0131 Uzun Kollu Su Ge\u00e7irmez Bebek \u00d6nl\u00fck 0-2 Ya\u015f Mama \u00d6nl\u00fc\u011f\u00fc"},"content":{"rendered":"<p><p>Gri Jungle Pembe Orman Hayvanlar\u0131 Uzun Kollu Su Ge\u00e7irmez Bebek \u00d6nl\u00fc\u011f\u00fc, bebe\u011finizin yemek saatlerinde konforlu ve pratik bir kullan\u0131m sunar. Yeni do\u011fandan 2 ya\u015fa kadar olan bebekler i\u00e7in idealdir. Uzun kollar sayesinde bebe\u011finizin k\u0131yafetlerine kolayca giyilebilir ve \u00e7\u0131kar\u0131labilir. Su ge\u00e7irmez \u00f6zelli\u011fi ile beslenme s\u0131ras\u0131nda olas\u0131 d\u00f6k\u00fclmelere kar\u015f\u0131 koruma sa\u011flar. Sevimli orman hayvanlar\u0131 deseniyle bebe\u011finizin yemek saatlerine e\u011flence katarken, anneler de temizli\u011fi kolay bulacak.;<\/p><\/p>","protected":false},"excerpt":{"rendered":"<p>Gri Jungle Pembe Orman Hayvanlar\u0131 Uzun Kollu Su Ge\u00e7irmez Bebek \u00d6nl\u00fc\u011f\u00fc, bebe\u011finizin yemek saatlerinde konforlu ve pratik bir kullan\u0131m sunar. Yeni do\u011fandan 2 ya\u015fa kadar&hellip;<\/p>","protected":false},"featured_media":6978,"template":"","meta":[],"product_brand":[],"product_cat":[936,15,935,990,986],"product_tag":[],"class_list":{"0":"post-6979","1":"product","2":"type-product","3":"status-publish","4":"has-post-thumbnail","6":"product_cat-erkekcocuk","7":"product_cat-genel","8":"product_cat-kizcocuk","9":"product_cat-mama-onlugu-erkekcocuk","10":"product_cat-mama-onlugu-kizcocuk","12":"first","13":"instock","14":"taxable","15":"shipping-taxable","16":"purchasable","17":"product-type-simple"},"_links":{"self":[{"href":"https:\/\/petityu.com\/en\/wp-json\/wp\/v2\/product\/6979","targetHints":{"allow":["GET"]}}],"collection":[{"href":"https:\/\/petityu.com\/en\/wp-json\/wp\/v2\/product"}],"about":[{"href":"https:\/\/petityu.com\/en\/wp-json\/wp\/v2\/types\/product"}],"wp:featuredmedia":[{"embeddable":true,"href":"https:\/\/petityu.com\/en\/wp-json\/wp\/v2\/media\/6978"}],"wp:attachment":[{"href":"https:\/\/petityu.com\/en\/wp-json\/wp\/v2\/media?parent=6979"}],"wp:term":[{"taxonomy":"product_brand","embeddable":true,"href":"https:\/\/petityu.com\/en\/wp-json\/wp\/v2\/product_brand?post=6979"},{"taxonomy":"product_cat","embeddable":true,"href":"https:\/\/petityu.com\/en\/wp-json\/wp\/v2\/product_cat?post=6979"},{"taxonomy":"product_tag","embeddable":true,"href":"https:\/\/petityu.com\/en\/wp-json\/wp\/v2\/product_tag?post=6979"}],"curies":[{"name":"wp","href":"https:\/\/api.w.org\/{rel}","templated":true}]}}