{"id":6981,"date":"2024-09-19T16:22:19","date_gmt":"2024-09-19T13:22:19","guid":{"rendered":"https:\/\/petityu.com\/cap-for-little-coolios-kahverengi-baliksirti-cocuk-kep-vintage\/"},"modified":"2026-03-02T15:50:43","modified_gmt":"2026-03-02T12:50:43","slug":"cap-for-little-coolios-kahverengi-baliksirti-cocuk-kep-vintage","status":"publish","type":"product","link":"https:\/\/petityu.com\/en\/cap-for-little-coolios-kahverengi-baliksirti-cocuk-kep-vintage\/","title":{"rendered":"Petityu Cap For Little Coolios- Kahverengi Bal\u0131ks\u0131rt\u0131 \u00c7ocuk Kep Vintage"},"content":{"rendered":"<p><p>ERKEK COCUK KEP YUNLU KUMAS IKI BEDENI VARDIR 51 CM (1-3 YAS) VE 53 CM (3-7 YAS)<\/p><\/p>","protected":false},"excerpt":{"rendered":"<p>ERKEK COCUK KEP YUNLU KUMAS IKI BEDENI VARDIR 51 CM (1-3 YAS) VE 53 CM (3-7 YAS)<\/p>","protected":false},"featured_media":6980,"template":"","meta":[],"product_brand":[],"product_cat":[15],"product_tag":[],"class_list":{"0":"post-6981","1":"product","2":"type-product","3":"status-publish","4":"has-post-thumbnail","6":"product_cat-genel","8":"first","9":"instock","10":"taxable","11":"shipping-taxable","12":"purchasable","13":"product-type-variable"},"_links":{"self":[{"href":"https:\/\/petityu.com\/en\/wp-json\/wp\/v2\/product\/6981","targetHints":{"allow":["GET"]}}],"collection":[{"href":"https:\/\/petityu.com\/en\/wp-json\/wp\/v2\/product"}],"about":[{"href":"https:\/\/petityu.com\/en\/wp-json\/wp\/v2\/types\/product"}],"wp:featuredmedia":[{"embeddable":true,"href":"https:\/\/petityu.com\/en\/wp-json\/wp\/v2\/media\/6980"}],"wp:attachment":[{"href":"https:\/\/petityu.com\/en\/wp-json\/wp\/v2\/media?parent=6981"}],"wp:term":[{"taxonomy":"product_brand","embeddable":true,"href":"https:\/\/petityu.com\/en\/wp-json\/wp\/v2\/product_brand?post=6981"},{"taxonomy":"product_cat","embeddable":true,"href":"https:\/\/petityu.com\/en\/wp-json\/wp\/v2\/product_cat?post=6981"},{"taxonomy":"product_tag","embeddable":true,"href":"https:\/\/petityu.com\/en\/wp-json\/wp\/v2\/product_tag?post=6981"}],"curies":[{"name":"wp","href":"https:\/\/api.w.org\/{rel}","templated":true}]}}