{"id":6989,"date":"2024-09-19T16:22:53","date_gmt":"2024-09-19T13:22:53","guid":{"rendered":"https:\/\/petityu.com\/cap-for-little-coolios-lacivert-baliksirti-cocuk-kep-vintage\/"},"modified":"2026-02-18T15:30:16","modified_gmt":"2026-02-18T12:30:16","slug":"cap-for-little-coolios-lacivert-baliksirti-cocuk-kep-vintage","status":"publish","type":"product","link":"https:\/\/petityu.com\/en\/cap-for-little-coolios-lacivert-baliksirti-cocuk-kep-vintage\/","title":{"rendered":"Petityu Cap For Little Coolios- Lacivert Bal\u0131ks\u0131rt\u0131 \u00c7ocuk Kep Vintage"},"content":{"rendered":"<p>iki bedeni vardir 51 cm 1-3 yas ve 53 cm 3-7 yas<\/p>","protected":false},"excerpt":{"rendered":"<p>iki bedeni vardir 51 cm 1-3 yas ve 53 cm 3-7 yas<\/p>","protected":false},"featured_media":6988,"template":"","meta":[],"product_brand":[],"product_cat":[15],"product_tag":[],"class_list":{"0":"post-6989","1":"product","2":"type-product","3":"status-publish","4":"has-post-thumbnail","6":"product_cat-genel","8":"first","9":"instock","10":"taxable","11":"shipping-taxable","12":"purchasable","13":"product-type-variable"},"_links":{"self":[{"href":"https:\/\/petityu.com\/en\/wp-json\/wp\/v2\/product\/6989","targetHints":{"allow":["GET"]}}],"collection":[{"href":"https:\/\/petityu.com\/en\/wp-json\/wp\/v2\/product"}],"about":[{"href":"https:\/\/petityu.com\/en\/wp-json\/wp\/v2\/types\/product"}],"wp:featuredmedia":[{"embeddable":true,"href":"https:\/\/petityu.com\/en\/wp-json\/wp\/v2\/media\/6988"}],"wp:attachment":[{"href":"https:\/\/petityu.com\/en\/wp-json\/wp\/v2\/media?parent=6989"}],"wp:term":[{"taxonomy":"product_brand","embeddable":true,"href":"https:\/\/petityu.com\/en\/wp-json\/wp\/v2\/product_brand?post=6989"},{"taxonomy":"product_cat","embeddable":true,"href":"https:\/\/petityu.com\/en\/wp-json\/wp\/v2\/product_cat?post=6989"},{"taxonomy":"product_tag","embeddable":true,"href":"https:\/\/petityu.com\/en\/wp-json\/wp\/v2\/product_tag?post=6989"}],"curies":[{"name":"wp","href":"https:\/\/api.w.org\/{rel}","templated":true}]}}