{"id":6993,"date":"2024-09-19T16:23:09","date_gmt":"2024-09-19T13:23:09","guid":{"rendered":"https:\/\/petityu.com\/cap-for-little-coolios-acik-kahverengi-kadife-lacivert-cocuk-kep-vintage-3-7-yas\/"},"modified":"2026-03-02T15:49:57","modified_gmt":"2026-03-02T12:49:57","slug":"cap-for-little-coolios-acik-kahverengi-kadife-lacivert-cocuk-kep-vintage-3-7-yas","status":"publish","type":"product","link":"https:\/\/petityu.com\/en\/cap-for-little-coolios-acik-kahverengi-kadife-lacivert-cocuk-kep-vintage-3-7-yas\/","title":{"rendered":"Cap For Little Coolios- A\u00e7\u0131k Kahverengi Kadife \u00c7ocuk Kep Vintage"},"content":{"rendered":"<p><p>Kadife Kahverengi \u00c7ocuk \u015eapka <\/p><br \/>\n<p>\u0130ki bedeni vard\u0131r <\/p><br \/>\n<p>1-3 ya\u015f 51 cm ve 3-7 ya\u015f 53 cm<\/p><\/p>","protected":false},"excerpt":{"rendered":"<p>Kadife Kahverengi \u00c7ocuk \u015eapka \u0130ki bedeni vard\u0131r 1-3 ya\u015f 51 cm ve 3-7 ya\u015f 53 cm<\/p>","protected":false},"featured_media":6992,"template":"","meta":[],"product_brand":[],"product_cat":[15,936,996],"product_tag":[],"class_list":{"0":"post-6993","1":"product","2":"type-product","3":"status-publish","4":"has-post-thumbnail","6":"product_cat-genel","7":"product_cat-erkekcocuk","8":"product_cat-sapka-erkekcocuk","10":"first","11":"instock","12":"taxable","13":"shipping-taxable","14":"purchasable","15":"product-type-variable"},"_links":{"self":[{"href":"https:\/\/petityu.com\/en\/wp-json\/wp\/v2\/product\/6993","targetHints":{"allow":["GET"]}}],"collection":[{"href":"https:\/\/petityu.com\/en\/wp-json\/wp\/v2\/product"}],"about":[{"href":"https:\/\/petityu.com\/en\/wp-json\/wp\/v2\/types\/product"}],"wp:featuredmedia":[{"embeddable":true,"href":"https:\/\/petityu.com\/en\/wp-json\/wp\/v2\/media\/6992"}],"wp:attachment":[{"href":"https:\/\/petityu.com\/en\/wp-json\/wp\/v2\/media?parent=6993"}],"wp:term":[{"taxonomy":"product_brand","embeddable":true,"href":"https:\/\/petityu.com\/en\/wp-json\/wp\/v2\/product_brand?post=6993"},{"taxonomy":"product_cat","embeddable":true,"href":"https:\/\/petityu.com\/en\/wp-json\/wp\/v2\/product_cat?post=6993"},{"taxonomy":"product_tag","embeddable":true,"href":"https:\/\/petityu.com\/en\/wp-json\/wp\/v2\/product_tag?post=6993"}],"curies":[{"name":"wp","href":"https:\/\/api.w.org\/{rel}","templated":true}]}}