{"id":7001,"date":"2024-09-19T16:23:48","date_gmt":"2024-09-19T13:23:48","guid":{"rendered":"https:\/\/petityu.com\/unicorn-yagmur-pantalonu\/"},"modified":"2025-12-29T13:40:10","modified_gmt":"2025-12-29T10:40:10","slug":"unicorn-yagmur-pantalonu","status":"publish","type":"product","link":"https:\/\/petityu.com\/en\/unicorn-yagmur-pantalonu\/","title":{"rendered":"Petityu Unicorn Ya\u011fmur Pantalonu"},"content":{"rendered":"<p>Unicorn Ya\u011fmur Pantolonu, \u00e7ocuklar\u0131n ya\u011fmurda kuru kalmas\u0131n\u0131 sa\u011flayan su ge\u00e7irmez materyalden \u00fcretilmi\u015ftir. Standart boyu ile her \u00e7ocu\u011fun rahat\u00e7a giyebilece\u011fi \u015fekilde tasarlanm\u0131\u015ft\u0131r. \u00c7ocuklar\u0131n e\u011flenceli ve \u015f\u0131k g\u00f6r\u00fcnmesini sa\u011flayan unicorn deseniyle dikkat \u00e7eker.;<\/p>","protected":false},"excerpt":{"rendered":"<p>Unicorn Ya\u011fmur Pantolonu, \u00e7ocuklar\u0131n ya\u011fmurda kuru kalmas\u0131n\u0131 sa\u011flayan su ge\u00e7irmez materyalden \u00fcretilmi\u015ftir. Standart boyu ile her \u00e7ocu\u011fun rahat\u00e7a giyebilece\u011fi \u015fekilde tasarlanm\u0131\u015ft\u0131r. \u00c7ocuklar\u0131n e\u011flenceli ve \u015f\u0131k&hellip;<\/p>","protected":false},"featured_media":6996,"template":"","meta":[],"product_brand":[],"product_cat":[15,935,973],"product_tag":[],"class_list":{"0":"post-7001","1":"product","2":"type-product","3":"status-publish","4":"has-post-thumbnail","6":"product_cat-genel","7":"product_cat-kizcocuk","8":"product_cat-yagmurluk-tulum-yagmur-pantalonu","10":"first","11":"outofstock","12":"taxable","13":"shipping-taxable","14":"purchasable","15":"product-type-variable"},"_links":{"self":[{"href":"https:\/\/petityu.com\/en\/wp-json\/wp\/v2\/product\/7001","targetHints":{"allow":["GET"]}}],"collection":[{"href":"https:\/\/petityu.com\/en\/wp-json\/wp\/v2\/product"}],"about":[{"href":"https:\/\/petityu.com\/en\/wp-json\/wp\/v2\/types\/product"}],"wp:featuredmedia":[{"embeddable":true,"href":"https:\/\/petityu.com\/en\/wp-json\/wp\/v2\/media\/6996"}],"wp:attachment":[{"href":"https:\/\/petityu.com\/en\/wp-json\/wp\/v2\/media?parent=7001"}],"wp:term":[{"taxonomy":"product_brand","embeddable":true,"href":"https:\/\/petityu.com\/en\/wp-json\/wp\/v2\/product_brand?post=7001"},{"taxonomy":"product_cat","embeddable":true,"href":"https:\/\/petityu.com\/en\/wp-json\/wp\/v2\/product_cat?post=7001"},{"taxonomy":"product_tag","embeddable":true,"href":"https:\/\/petityu.com\/en\/wp-json\/wp\/v2\/product_tag?post=7001"}],"curies":[{"name":"wp","href":"https:\/\/api.w.org\/{rel}","templated":true}]}}