{"id":7013,"date":"2024-09-19T16:24:32","date_gmt":"2024-09-19T13:24:32","guid":{"rendered":"https:\/\/petityu.com\/kadin-siyah-figurlu-kolye\/"},"modified":"2025-09-29T15:48:43","modified_gmt":"2025-09-29T12:48:43","slug":"kadin-siyah-figurlu-kolye","status":"publish","type":"product","link":"https:\/\/petityu.com\/en\/kadin-siyah-figurlu-kolye\/","title":{"rendered":"Petityu Kad\u0131n Siyah Fig\u00fcrl\u00fc Kolye"},"content":{"rendered":"<p>Bu zarif siyah fig\u00fcrl\u00fc kolye, boncuk detaylar\u0131yla s\u00fcslenmi\u015f olup, \u015f\u0131k ve modern bir g\u00f6r\u00fcn\u00fcm sunar. Her k\u0131yafetle kolayca kombinlenebilir ve dikkat \u00e7ekici bir aksesuar olarak \u00f6ne \u00e7\u0131kar. \u00d6zel g\u00fcnlerinizde veya g\u00fcnl\u00fck kullan\u0131mda stilinizi tamamlayacak bu kolye, hem kendinize hem de sevdiklerinize hediye edebilece\u011finiz ideal bir se\u00e7enektir.;<\/p>","protected":false},"excerpt":{"rendered":"<p>Bu zarif siyah fig\u00fcrl\u00fc kolye, boncuk detaylar\u0131yla s\u00fcslenmi\u015f olup, \u015f\u0131k ve modern bir g\u00f6r\u00fcn\u00fcm sunar. Her k\u0131yafetle kolayca kombinlenebilir ve dikkat \u00e7ekici bir aksesuar olarak&hellip;<\/p>","protected":false},"featured_media":7011,"template":"","meta":[],"product_brand":[],"product_cat":[1001,1002,15],"product_tag":[],"class_list":{"0":"post-7013","1":"product","2":"type-product","3":"status-publish","4":"has-post-thumbnail","6":"product_cat-anne","7":"product_cat-elyapimicamkolye","8":"product_cat-genel","10":"first","11":"instock","12":"taxable","13":"shipping-taxable","14":"purchasable","15":"product-type-variable"},"_links":{"self":[{"href":"https:\/\/petityu.com\/en\/wp-json\/wp\/v2\/product\/7013","targetHints":{"allow":["GET"]}}],"collection":[{"href":"https:\/\/petityu.com\/en\/wp-json\/wp\/v2\/product"}],"about":[{"href":"https:\/\/petityu.com\/en\/wp-json\/wp\/v2\/types\/product"}],"wp:featuredmedia":[{"embeddable":true,"href":"https:\/\/petityu.com\/en\/wp-json\/wp\/v2\/media\/7011"}],"wp:attachment":[{"href":"https:\/\/petityu.com\/en\/wp-json\/wp\/v2\/media?parent=7013"}],"wp:term":[{"taxonomy":"product_brand","embeddable":true,"href":"https:\/\/petityu.com\/en\/wp-json\/wp\/v2\/product_brand?post=7013"},{"taxonomy":"product_cat","embeddable":true,"href":"https:\/\/petityu.com\/en\/wp-json\/wp\/v2\/product_cat?post=7013"},{"taxonomy":"product_tag","embeddable":true,"href":"https:\/\/petityu.com\/en\/wp-json\/wp\/v2\/product_tag?post=7013"}],"curies":[{"name":"wp","href":"https:\/\/api.w.org\/{rel}","templated":true}]}}