{"id":7018,"date":"2024-09-19T16:24:52","date_gmt":"2024-09-19T13:24:52","guid":{"rendered":"https:\/\/petityu.com\/deep-blue-sea\/"},"modified":"2025-09-29T15:55:51","modified_gmt":"2025-09-29T12:55:51","slug":"deep-blue-sea","status":"publish","type":"product","link":"https:\/\/petityu.com\/en\/deep-blue-sea\/","title":{"rendered":"Petityu Deep Blue Sea El Yap\u0131m\u0131 Alt\u0131n Kaplama U\u00e7lu Kolye"},"content":{"rendered":"<p>El yap\u0131m\u0131 cam, alt\u0131n kaplama u\u00e7lu kolye<\/p>","protected":false},"excerpt":{"rendered":"<p>El yap\u0131m\u0131 cam, alt\u0131n kaplama u\u00e7lu kolye<\/p>","protected":false},"featured_media":7016,"template":"","meta":[],"product_brand":[],"product_cat":[15,1001,1002],"product_tag":[],"class_list":{"0":"post-7018","1":"product","2":"type-product","3":"status-publish","4":"has-post-thumbnail","6":"product_cat-genel","7":"product_cat-anne","8":"product_cat-elyapimicamkolye","10":"first","11":"instock","12":"taxable","13":"shipping-taxable","14":"purchasable","15":"product-type-variable"},"_links":{"self":[{"href":"https:\/\/petityu.com\/en\/wp-json\/wp\/v2\/product\/7018","targetHints":{"allow":["GET"]}}],"collection":[{"href":"https:\/\/petityu.com\/en\/wp-json\/wp\/v2\/product"}],"about":[{"href":"https:\/\/petityu.com\/en\/wp-json\/wp\/v2\/types\/product"}],"wp:featuredmedia":[{"embeddable":true,"href":"https:\/\/petityu.com\/en\/wp-json\/wp\/v2\/media\/7016"}],"wp:attachment":[{"href":"https:\/\/petityu.com\/en\/wp-json\/wp\/v2\/media?parent=7018"}],"wp:term":[{"taxonomy":"product_brand","embeddable":true,"href":"https:\/\/petityu.com\/en\/wp-json\/wp\/v2\/product_brand?post=7018"},{"taxonomy":"product_cat","embeddable":true,"href":"https:\/\/petityu.com\/en\/wp-json\/wp\/v2\/product_cat?post=7018"},{"taxonomy":"product_tag","embeddable":true,"href":"https:\/\/petityu.com\/en\/wp-json\/wp\/v2\/product_tag?post=7018"}],"curies":[{"name":"wp","href":"https:\/\/api.w.org\/{rel}","templated":true}]}}