{"id":7023,"date":"2024-09-19T16:25:15","date_gmt":"2024-09-19T13:25:15","guid":{"rendered":"https:\/\/petityu.com\/dream-of-watermelons-signify-love-passion-and-fertility-el-yapimi-cam-karpuz-kolye\/"},"modified":"2025-09-29T16:02:46","modified_gmt":"2025-09-29T13:02:46","slug":"dream-of-watermelons-signify-love-passion-and-fertility-el-yapimi-cam-karpuz-kolye","status":"publish","type":"product","link":"https:\/\/petityu.com\/en\/dream-of-watermelons-signify-love-passion-and-fertility-el-yapimi-cam-karpuz-kolye\/","title":{"rendered":"Petityu Dream Of Watermelons Signify Love, Passion And Fertility El Yap\u0131m\u0131 Cam Karpuz Kolye"},"content":{"rendered":"<p>El yap\u0131m\u0131 cam boncuklarla s\u00fcslenmi\u015f bu kolye, her biri benzersiz ve de\u011ferli bir par\u00e7a haline gelir.; Alt\u0131n kaplama detaylar\u0131 ile zenginle\u015ftirilmi\u015f tasar\u0131m, hem \u015f\u0131k hem de uzun s\u00fcreli kullan\u0131m i\u00e7in idealdir.; Love, passion ve fertility sembolleriyle dolu bu kolye, sevdiklerinize duydu\u011funuz sevgiyi ifade etmenin zarif bir yoludur.; \u00d6zel tasar\u0131m\u0131yla dikkat \u00e7ekici bir aksesuar arayanlar i\u00e7in m\u00fckemmel bir se\u00e7imdir.;<\/p>","protected":false},"excerpt":{"rendered":"<p>El yap\u0131m\u0131 cam boncuklarla s\u00fcslenmi\u015f bu kolye, her biri benzersiz ve de\u011ferli bir par\u00e7a haline gelir.; Alt\u0131n kaplama detaylar\u0131 ile zenginle\u015ftirilmi\u015f tasar\u0131m, hem \u015f\u0131k hem&hellip;<\/p>","protected":false},"featured_media":7021,"template":"","meta":[],"product_brand":[],"product_cat":[1001,1002,15],"product_tag":[],"class_list":{"0":"post-7023","1":"product","2":"type-product","3":"status-publish","4":"has-post-thumbnail","6":"product_cat-anne","7":"product_cat-elyapimicamkolye","8":"product_cat-genel","10":"first","11":"instock","12":"taxable","13":"shipping-taxable","14":"purchasable","15":"product-type-variable"},"_links":{"self":[{"href":"https:\/\/petityu.com\/en\/wp-json\/wp\/v2\/product\/7023","targetHints":{"allow":["GET"]}}],"collection":[{"href":"https:\/\/petityu.com\/en\/wp-json\/wp\/v2\/product"}],"about":[{"href":"https:\/\/petityu.com\/en\/wp-json\/wp\/v2\/types\/product"}],"wp:featuredmedia":[{"embeddable":true,"href":"https:\/\/petityu.com\/en\/wp-json\/wp\/v2\/media\/7021"}],"wp:attachment":[{"href":"https:\/\/petityu.com\/en\/wp-json\/wp\/v2\/media?parent=7023"}],"wp:term":[{"taxonomy":"product_brand","embeddable":true,"href":"https:\/\/petityu.com\/en\/wp-json\/wp\/v2\/product_brand?post=7023"},{"taxonomy":"product_cat","embeddable":true,"href":"https:\/\/petityu.com\/en\/wp-json\/wp\/v2\/product_cat?post=7023"},{"taxonomy":"product_tag","embeddable":true,"href":"https:\/\/petityu.com\/en\/wp-json\/wp\/v2\/product_tag?post=7023"}],"curies":[{"name":"wp","href":"https:\/\/api.w.org\/{rel}","templated":true}]}}