{"id":7028,"date":"2024-09-19T16:25:37","date_gmt":"2024-09-19T13:25:37","guid":{"rendered":"https:\/\/petityu.com\/su-gecirmez-yagmurluk-unicorn-cocuk-kapsonlu-kiz-mont-cocuk-2-4-6-yas\/"},"modified":"2026-03-13T14:17:29","modified_gmt":"2026-03-13T11:17:29","slug":"su-gecirmez-yagmurluk-unicorn-cocuk-kapsonlu-kiz-mont-cocuk-2-4-6-yas","status":"publish","type":"product","link":"https:\/\/petityu.com\/en\/su-gecirmez-yagmurluk-unicorn-cocuk-kapsonlu-kiz-mont-cocuk-2-4-6-yas\/","title":{"rendered":"Petityu Su Ge\u00e7irmez Ya\u011fmurluk Unicorn \u00c7ocuk Kap\u015fonlu K\u0131z Mont \u00c7ocuk"},"content":{"rendered":"<p><p>Lilamsi mavi uzeri unicorn desenli su ve ruzgar gecirmez mont<\/p><\/p>","protected":false},"excerpt":{"rendered":"<p>Lilamsi mavi uzeri unicorn desenli su ve ruzgar gecirmez mont<\/p>","protected":false},"featured_media":7026,"template":"","meta":[],"product_brand":[],"product_cat":[15,935,973],"product_tag":[],"class_list":{"0":"post-7028","1":"product","2":"type-product","3":"status-publish","4":"has-post-thumbnail","6":"product_cat-genel","7":"product_cat-kizcocuk","8":"product_cat-yagmurluk-tulum-yagmur-pantalonu","10":"first","11":"instock","12":"taxable","13":"shipping-taxable","14":"purchasable","15":"product-type-variable"},"_links":{"self":[{"href":"https:\/\/petityu.com\/en\/wp-json\/wp\/v2\/product\/7028","targetHints":{"allow":["GET"]}}],"collection":[{"href":"https:\/\/petityu.com\/en\/wp-json\/wp\/v2\/product"}],"about":[{"href":"https:\/\/petityu.com\/en\/wp-json\/wp\/v2\/types\/product"}],"wp:featuredmedia":[{"embeddable":true,"href":"https:\/\/petityu.com\/en\/wp-json\/wp\/v2\/media\/7026"}],"wp:attachment":[{"href":"https:\/\/petityu.com\/en\/wp-json\/wp\/v2\/media?parent=7028"}],"wp:term":[{"taxonomy":"product_brand","embeddable":true,"href":"https:\/\/petityu.com\/en\/wp-json\/wp\/v2\/product_brand?post=7028"},{"taxonomy":"product_cat","embeddable":true,"href":"https:\/\/petityu.com\/en\/wp-json\/wp\/v2\/product_cat?post=7028"},{"taxonomy":"product_tag","embeddable":true,"href":"https:\/\/petityu.com\/en\/wp-json\/wp\/v2\/product_tag?post=7028"}],"curies":[{"name":"wp","href":"https:\/\/api.w.org\/{rel}","templated":true}]}}