{"id":7033,"date":"2024-09-19T16:26:04","date_gmt":"2024-09-19T13:26:04","guid":{"rendered":"https:\/\/petityu.com\/teddy-sirin-sisme-mont-acik-pembe-1-2-3-4-5-yaslar-22lgteddypufacikpembemont\/"},"modified":"2025-10-15T15:06:50","modified_gmt":"2025-10-15T12:06:50","slug":"teddy-sirin-sisme-mont-acik-pembe-1-2-3-4-5-yaslar-22lgteddypufacikpembemont","status":"publish","type":"product","link":"https:\/\/petityu.com\/en\/teddy-sirin-sisme-mont-acik-pembe-1-2-3-4-5-yaslar-22lgteddypufacikpembemont\/","title":{"rendered":"Petityu Teddy \u015eirin \u015ei\u015fme Mont &#8211; A\u00e7\u0131k Pembe"},"content":{"rendered":"<p>a\u015f\u0131r\u0131 \u015firin puffy mont yanard&ouml;ner kuma\u015f sus tutmaz pufudik mont sonbahar ilkbahar k\u0131\u015f kullan\u0131m\u0131na uygun<\/p>","protected":false},"excerpt":{"rendered":"<p>a\u015f\u0131r\u0131 \u015firin puffy mont yanard&ouml;ner kuma\u015f sus tutmaz pufudik mont sonbahar ilkbahar k\u0131\u015f kullan\u0131m\u0131na uygun<\/p>","protected":false},"featured_media":7031,"template":"","meta":[],"product_brand":[],"product_cat":[15,935,983],"product_tag":[],"class_list":{"0":"post-7033","1":"product","2":"type-product","3":"status-publish","4":"has-post-thumbnail","6":"product_cat-genel","7":"product_cat-kizcocuk","8":"product_cat-mont-puffy-yelek","10":"first","11":"instock","12":"taxable","13":"shipping-taxable","14":"purchasable","15":"product-type-variable"},"_links":{"self":[{"href":"https:\/\/petityu.com\/en\/wp-json\/wp\/v2\/product\/7033","targetHints":{"allow":["GET"]}}],"collection":[{"href":"https:\/\/petityu.com\/en\/wp-json\/wp\/v2\/product"}],"about":[{"href":"https:\/\/petityu.com\/en\/wp-json\/wp\/v2\/types\/product"}],"wp:featuredmedia":[{"embeddable":true,"href":"https:\/\/petityu.com\/en\/wp-json\/wp\/v2\/media\/7031"}],"wp:attachment":[{"href":"https:\/\/petityu.com\/en\/wp-json\/wp\/v2\/media?parent=7033"}],"wp:term":[{"taxonomy":"product_brand","embeddable":true,"href":"https:\/\/petityu.com\/en\/wp-json\/wp\/v2\/product_brand?post=7033"},{"taxonomy":"product_cat","embeddable":true,"href":"https:\/\/petityu.com\/en\/wp-json\/wp\/v2\/product_cat?post=7033"},{"taxonomy":"product_tag","embeddable":true,"href":"https:\/\/petityu.com\/en\/wp-json\/wp\/v2\/product_tag?post=7033"}],"curies":[{"name":"wp","href":"https:\/\/api.w.org\/{rel}","templated":true}]}}