{"id":7038,"date":"2024-09-19T16:26:22","date_gmt":"2024-09-19T13:26:22","guid":{"rendered":"https:\/\/petityu.com\/teddy-sirin-sisme-mont-lila-mor-21lgteddyjacketlila-4-6-yas\/"},"modified":"2026-03-30T19:28:53","modified_gmt":"2026-03-30T16:28:53","slug":"teddy-sirin-sisme-mont-lila-mor-21lgteddyjacketlila-4-6-yas","status":"publish","type":"product","link":"https:\/\/petityu.com\/en\/teddy-sirin-sisme-mont-lila-mor-21lgteddyjacketlila-4-6-yas\/","title":{"rendered":"Teddy \u015eirin \u015ei\u015fme Mont Lila Mor"},"content":{"rendered":"<p><p>Teddy \u015firin \u015fi\u015fme mont<\/p><br \/>\n<p>Lila mor renk<\/p><\/p>","protected":false},"excerpt":{"rendered":"<p>Teddy \u015firin \u015fi\u015fme mont Lila mor renk<\/p>","protected":false},"featured_media":7037,"template":"","meta":[],"product_brand":[],"product_cat":[15,935,983],"product_tag":[],"class_list":{"0":"post-7038","1":"product","2":"type-product","3":"status-publish","4":"has-post-thumbnail","6":"product_cat-genel","7":"product_cat-kizcocuk","8":"product_cat-mont-puffy-yelek","10":"first","11":"instock","12":"taxable","13":"shipping-taxable","14":"purchasable","15":"product-type-variable"},"_links":{"self":[{"href":"https:\/\/petityu.com\/en\/wp-json\/wp\/v2\/product\/7038","targetHints":{"allow":["GET"]}}],"collection":[{"href":"https:\/\/petityu.com\/en\/wp-json\/wp\/v2\/product"}],"about":[{"href":"https:\/\/petityu.com\/en\/wp-json\/wp\/v2\/types\/product"}],"wp:featuredmedia":[{"embeddable":true,"href":"https:\/\/petityu.com\/en\/wp-json\/wp\/v2\/media\/7037"}],"wp:attachment":[{"href":"https:\/\/petityu.com\/en\/wp-json\/wp\/v2\/media?parent=7038"}],"wp:term":[{"taxonomy":"product_brand","embeddable":true,"href":"https:\/\/petityu.com\/en\/wp-json\/wp\/v2\/product_brand?post=7038"},{"taxonomy":"product_cat","embeddable":true,"href":"https:\/\/petityu.com\/en\/wp-json\/wp\/v2\/product_cat?post=7038"},{"taxonomy":"product_tag","embeddable":true,"href":"https:\/\/petityu.com\/en\/wp-json\/wp\/v2\/product_tag?post=7038"}],"curies":[{"name":"wp","href":"https:\/\/api.w.org\/{rel}","templated":true}]}}