{"id":7051,"date":"2024-09-19T16:27:21","date_gmt":"2024-09-19T13:27:21","guid":{"rendered":"https:\/\/petityu.com\/uv-gunes-korumali-sapka-laci-uzay-gemisi-sapka\/"},"modified":"2026-03-26T14:53:21","modified_gmt":"2026-03-26T11:53:21","slug":"uv-gunes-korumali-sapka-laci-uzay-gemisi-sapka","status":"publish","type":"product","link":"https:\/\/petityu.com\/en\/uv-gunes-korumali-sapka-laci-uzay-gemisi-sapka\/","title":{"rendered":"Uv G\u00fcne\u015f Korumal\u0131 \u015eapka \u2013 Laci Uzay Gemisi Sapka"},"content":{"rendered":"<p>T\u00fcm ya\u015f gruplar\u0131na uygun tasar\u0131m\u0131yla her ya\u015ftaki \u00e7ocu\u011funuzun rahatl\u0131kla kullanabilece\u011fi \u015f\u0131k ve fonksiyonel bir aksesuar.; Bebe\u011finizin konforunu \u00f6n planda tutan yumu\u015fak dokusuyla bebe\u011finizin ba\u015f\u0131n\u0131 nazik\u00e7e sarar ve g\u00fcne\u015ften gelen \u0131s\u0131y\u0131 azalt\u0131r.; Uzay gemisi tasar\u0131m\u0131 ile hem e\u011flenceli hem de stil sahibi bir g\u00f6r\u00fcn\u00fcm sunarak, bebe\u011finizin oyun saatlerini renklendirirken ayn\u0131 zamanda g\u00fcne\u015ften korunmas\u0131n\u0131 sa\u011flar.;<\/p>","protected":false},"excerpt":{"rendered":"<p>T\u00fcm ya\u015f gruplar\u0131na uygun tasar\u0131m\u0131yla her ya\u015ftaki \u00e7ocu\u011funuzun rahatl\u0131kla kullanabilece\u011fi \u015f\u0131k ve fonksiyonel bir aksesuar.; Bebe\u011finizin konforunu \u00f6n planda tutan yumu\u015fak dokusuyla bebe\u011finizin ba\u015f\u0131n\u0131 nazik\u00e7e&hellip;<\/p>","protected":false},"featured_media":7048,"template":"","meta":[],"product_brand":[],"product_cat":[15,936,996],"product_tag":[],"class_list":{"0":"post-7051","1":"product","2":"type-product","3":"status-publish","4":"has-post-thumbnail","6":"product_cat-genel","7":"product_cat-erkekcocuk","8":"product_cat-sapka-erkekcocuk","10":"first","11":"instock","12":"taxable","13":"shipping-taxable","14":"purchasable","15":"product-type-variable"},"_links":{"self":[{"href":"https:\/\/petityu.com\/en\/wp-json\/wp\/v2\/product\/7051","targetHints":{"allow":["GET"]}}],"collection":[{"href":"https:\/\/petityu.com\/en\/wp-json\/wp\/v2\/product"}],"about":[{"href":"https:\/\/petityu.com\/en\/wp-json\/wp\/v2\/types\/product"}],"wp:featuredmedia":[{"embeddable":true,"href":"https:\/\/petityu.com\/en\/wp-json\/wp\/v2\/media\/7048"}],"wp:attachment":[{"href":"https:\/\/petityu.com\/en\/wp-json\/wp\/v2\/media?parent=7051"}],"wp:term":[{"taxonomy":"product_brand","embeddable":true,"href":"https:\/\/petityu.com\/en\/wp-json\/wp\/v2\/product_brand?post=7051"},{"taxonomy":"product_cat","embeddable":true,"href":"https:\/\/petityu.com\/en\/wp-json\/wp\/v2\/product_cat?post=7051"},{"taxonomy":"product_tag","embeddable":true,"href":"https:\/\/petityu.com\/en\/wp-json\/wp\/v2\/product_tag?post=7051"}],"curies":[{"name":"wp","href":"https:\/\/api.w.org\/{rel}","templated":true}]}}