{"id":7056,"date":"2024-09-19T16:27:46","date_gmt":"2024-09-19T13:27:46","guid":{"rendered":"https:\/\/petityu.com\/dinazor-yagmur-botu-su-gecirmez-yagmur-cizmesi-22lbdinorainboot\/"},"modified":"2025-08-29T13:04:46","modified_gmt":"2025-08-29T10:04:46","slug":"dinazor-yagmur-botu-su-gecirmez-yagmur-cizmesi-22lbdinorainboot","status":"publish","type":"product","link":"https:\/\/petityu.com\/en\/dinazor-yagmur-botu-su-gecirmez-yagmur-cizmesi-22lbdinorainboot\/","title":{"rendered":"D\u0131nazor Yagmur Botu Su Gecirmez Ya\u011fmur \u00c7izmesi 22lbdinorainboot"},"content":{"rendered":"<p>Su gecirmez yagmur botu<\/p>","protected":false},"excerpt":{"rendered":"<p>Su gecirmez yagmur botu<\/p>","protected":false},"featured_media":7054,"template":"","meta":[],"product_brand":[],"product_cat":[995,936,15],"product_tag":[],"class_list":{"0":"post-7056","1":"product","2":"type-product","3":"status-publish","4":"has-post-thumbnail","6":"product_cat-bot-erkekcocuk","7":"product_cat-erkekcocuk","8":"product_cat-genel","10":"first","11":"outofstock","12":"taxable","13":"shipping-taxable","14":"purchasable","15":"product-type-variable"},"_links":{"self":[{"href":"https:\/\/petityu.com\/en\/wp-json\/wp\/v2\/product\/7056","targetHints":{"allow":["GET"]}}],"collection":[{"href":"https:\/\/petityu.com\/en\/wp-json\/wp\/v2\/product"}],"about":[{"href":"https:\/\/petityu.com\/en\/wp-json\/wp\/v2\/types\/product"}],"wp:featuredmedia":[{"embeddable":true,"href":"https:\/\/petityu.com\/en\/wp-json\/wp\/v2\/media\/7054"}],"wp:attachment":[{"href":"https:\/\/petityu.com\/en\/wp-json\/wp\/v2\/media?parent=7056"}],"wp:term":[{"taxonomy":"product_brand","embeddable":true,"href":"https:\/\/petityu.com\/en\/wp-json\/wp\/v2\/product_brand?post=7056"},{"taxonomy":"product_cat","embeddable":true,"href":"https:\/\/petityu.com\/en\/wp-json\/wp\/v2\/product_cat?post=7056"},{"taxonomy":"product_tag","embeddable":true,"href":"https:\/\/petityu.com\/en\/wp-json\/wp\/v2\/product_tag?post=7056"}],"curies":[{"name":"wp","href":"https:\/\/api.w.org\/{rel}","templated":true}]}}