{"id":7075,"date":"2024-09-19T16:28:55","date_gmt":"2024-09-19T13:28:55","guid":{"rendered":"https:\/\/petityu.com\/knittedbygrandma-teddy-bere-mavi-el-orgusu-yumos-pamuk\/"},"modified":"2025-10-07T16:19:51","modified_gmt":"2025-10-07T13:19:51","slug":"knittedbygrandma-teddy-bere-mavi-el-orgusu-yumos-pamuk","status":"publish","type":"product","link":"https:\/\/petityu.com\/en\/knittedbygrandma-teddy-bere-mavi-el-orgusu-yumos-pamuk\/","title":{"rendered":"Petityu Teddy Bere Mavi El \u00d6rg\u00fcs\u00fc Yumo\u015f Pamuk"},"content":{"rendered":"<p>Mavi el \u00f6rg\u00fcs\u00fc tasar\u0131m\u0131yla, bebe\u011finizin \u015f\u0131k ve sevimli g\u00f6r\u00fcnmesini sa\u011flar.; Yumu\u015fak dokunu\u015fuyla bebeklerinize rahat bir kullan\u0131m imkan\u0131 tan\u0131r ve onlar\u0131 s\u0131cak tutarken ayn\u0131 zamanda rahat ederler.;<\/p>","protected":false},"excerpt":{"rendered":"<p>Mavi el \u00f6rg\u00fcs\u00fc tasar\u0131m\u0131yla, bebe\u011finizin \u015f\u0131k ve sevimli g\u00f6r\u00fcnmesini sa\u011flar.; Yumu\u015fak dokunu\u015fuyla bebeklerinize rahat bir kullan\u0131m imkan\u0131 tan\u0131r ve onlar\u0131 s\u0131cak tutarken ayn\u0131 zamanda rahat&hellip;<\/p>","protected":false},"featured_media":7073,"template":"","meta":[],"product_brand":[],"product_cat":[15,997,936],"product_tag":[],"class_list":{"0":"post-7075","1":"product","2":"type-product","3":"status-publish","4":"has-post-thumbnail","6":"product_cat-genel","7":"product_cat-atki-bere-eldiven","8":"product_cat-erkekcocuk","10":"first","11":"instock","12":"taxable","13":"shipping-taxable","14":"purchasable","15":"product-type-variable"},"_links":{"self":[{"href":"https:\/\/petityu.com\/en\/wp-json\/wp\/v2\/product\/7075","targetHints":{"allow":["GET"]}}],"collection":[{"href":"https:\/\/petityu.com\/en\/wp-json\/wp\/v2\/product"}],"about":[{"href":"https:\/\/petityu.com\/en\/wp-json\/wp\/v2\/types\/product"}],"wp:featuredmedia":[{"embeddable":true,"href":"https:\/\/petityu.com\/en\/wp-json\/wp\/v2\/media\/7073"}],"wp:attachment":[{"href":"https:\/\/petityu.com\/en\/wp-json\/wp\/v2\/media?parent=7075"}],"wp:term":[{"taxonomy":"product_brand","embeddable":true,"href":"https:\/\/petityu.com\/en\/wp-json\/wp\/v2\/product_brand?post=7075"},{"taxonomy":"product_cat","embeddable":true,"href":"https:\/\/petityu.com\/en\/wp-json\/wp\/v2\/product_cat?post=7075"},{"taxonomy":"product_tag","embeddable":true,"href":"https:\/\/petityu.com\/en\/wp-json\/wp\/v2\/product_tag?post=7075"}],"curies":[{"name":"wp","href":"https:\/\/api.w.org\/{rel}","templated":true}]}}