{"id":7084,"date":"2024-09-19T16:29:27","date_gmt":"2024-09-19T13:29:27","guid":{"rendered":"https:\/\/petityu.com\/insaat-mavi-kirmizi-askili-yagmur-tulumu-yagmur-pantalonu-2\/"},"modified":"2025-08-29T13:04:45","modified_gmt":"2025-08-29T10:04:45","slug":"insaat-mavi-kirmizi-askili-yagmur-tulumu-yagmur-pantalonu-2","status":"publish","type":"product","link":"https:\/\/petityu.com\/en\/insaat-mavi-kirmizi-askili-yagmur-tulumu-yagmur-pantalonu-2\/","title":{"rendered":"insaat mavi kirmizi askili yagmur tulumu yagmur pantalonu"},"content":{"rendered":"<p>YA\u011eMUR TULUMU \u0130N\u015eAAT MAK\u0130NALARI<\/p>","protected":false},"excerpt":{"rendered":"<p>YA\u011eMUR TULUMU \u0130N\u015eAAT MAK\u0130NALARI<\/p>","protected":false},"featured_media":7083,"template":"","meta":[],"product_brand":[],"product_cat":[15,936,1000],"product_tag":[],"class_list":{"0":"post-7084","1":"product","2":"type-product","3":"status-publish","4":"has-post-thumbnail","6":"product_cat-genel","7":"product_cat-erkekcocuk","8":"product_cat-yagmurluk-yagmur-pantalonu-tulum","10":"first","11":"outofstock","12":"taxable","13":"shipping-taxable","14":"purchasable","15":"product-type-variable"},"_links":{"self":[{"href":"https:\/\/petityu.com\/en\/wp-json\/wp\/v2\/product\/7084","targetHints":{"allow":["GET"]}}],"collection":[{"href":"https:\/\/petityu.com\/en\/wp-json\/wp\/v2\/product"}],"about":[{"href":"https:\/\/petityu.com\/en\/wp-json\/wp\/v2\/types\/product"}],"wp:featuredmedia":[{"embeddable":true,"href":"https:\/\/petityu.com\/en\/wp-json\/wp\/v2\/media\/7083"}],"wp:attachment":[{"href":"https:\/\/petityu.com\/en\/wp-json\/wp\/v2\/media?parent=7084"}],"wp:term":[{"taxonomy":"product_brand","embeddable":true,"href":"https:\/\/petityu.com\/en\/wp-json\/wp\/v2\/product_brand?post=7084"},{"taxonomy":"product_cat","embeddable":true,"href":"https:\/\/petityu.com\/en\/wp-json\/wp\/v2\/product_cat?post=7084"},{"taxonomy":"product_tag","embeddable":true,"href":"https:\/\/petityu.com\/en\/wp-json\/wp\/v2\/product_tag?post=7084"}],"curies":[{"name":"wp","href":"https:\/\/api.w.org\/{rel}","templated":true}]}}