{"id":7090,"date":"2024-09-19T16:29:49","date_gmt":"2024-09-19T13:29:49","guid":{"rendered":"https:\/\/petityu.com\/bunnies-in-town-ici-kurklu-kolay-giyilen-bot-kar-botu-okul-ayakkabisi\/"},"modified":"2026-04-07T14:53:15","modified_gmt":"2026-04-07T11:53:15","slug":"bunnies-in-town-ici-kurklu-kolay-giyilen-bot-kar-botu-okul-ayakkabisi","status":"publish","type":"product","link":"https:\/\/petityu.com\/en\/bunnies-in-town-ici-kurklu-kolay-giyilen-bot-kar-botu-okul-ayakkabisi\/","title":{"rendered":"Bunnies In Town &#8211; I\u00e7i K\u00fcrkl\u00fc Kolay Giyilen Bot &#8211; Kar Botu &#8211; Okul Ayakkabisi"},"content":{"rendered":"<p><p>\u0130\u00e7i k\u00fcrkl\u00fc s\u0131cak tutan bot<\/p><p>&nbsp;<\/p><\/p>","protected":false},"excerpt":{"rendered":"<p>\u0130\u00e7i k\u00fcrkl\u00fc s\u0131cak tutan bot&nbsp;<\/p>","protected":false},"featured_media":7089,"template":"","meta":[],"product_brand":[],"product_cat":[995,936,15],"product_tag":[],"class_list":{"0":"post-7090","1":"product","2":"type-product","3":"status-publish","4":"has-post-thumbnail","6":"product_cat-bot-erkekcocuk","7":"product_cat-erkekcocuk","8":"product_cat-genel","10":"first","11":"instock","12":"taxable","13":"shipping-taxable","14":"purchasable","15":"product-type-variable"},"_links":{"self":[{"href":"https:\/\/petityu.com\/en\/wp-json\/wp\/v2\/product\/7090","targetHints":{"allow":["GET"]}}],"collection":[{"href":"https:\/\/petityu.com\/en\/wp-json\/wp\/v2\/product"}],"about":[{"href":"https:\/\/petityu.com\/en\/wp-json\/wp\/v2\/types\/product"}],"wp:featuredmedia":[{"embeddable":true,"href":"https:\/\/petityu.com\/en\/wp-json\/wp\/v2\/media\/7089"}],"wp:attachment":[{"href":"https:\/\/petityu.com\/en\/wp-json\/wp\/v2\/media?parent=7090"}],"wp:term":[{"taxonomy":"product_brand","embeddable":true,"href":"https:\/\/petityu.com\/en\/wp-json\/wp\/v2\/product_brand?post=7090"},{"taxonomy":"product_cat","embeddable":true,"href":"https:\/\/petityu.com\/en\/wp-json\/wp\/v2\/product_cat?post=7090"},{"taxonomy":"product_tag","embeddable":true,"href":"https:\/\/petityu.com\/en\/wp-json\/wp\/v2\/product_tag?post=7090"}],"curies":[{"name":"wp","href":"https:\/\/api.w.org\/{rel}","templated":true}]}}